{"id":1642,"date":"2024-11-11T11:44:08","date_gmt":"2024-11-11T10:44:08","guid":{"rendered":"https:\/\/campingeucaliptus.com\/tourisme\/excursion-en-bateau-sur-lebre\/"},"modified":"2024-12-18T19:08:00","modified_gmt":"2024-12-18T18:08:00","slug":"excursion-en-bateau-sur-lebre","status":"publish","type":"page","link":"https:\/\/campingeucaliptus.com\/fr\/tourisme\/excursion-en-bateau-sur-lebre\/","title":{"rendered":"Excursion en bateau sur l\u2019\u00c8bre"},"content":{"rendered":"\t\t<div data-elementor-type=\"wp-page\" data-elementor-id=\"1642\" class=\"elementor elementor-1642 elementor-588\" data-elementor-post-type=\"page\">\n\t\t\t\t<div class=\"elementor-element elementor-element-325cfb3 e-flex e-con-boxed e-con e-parent\" data-id=\"325cfb3\" data-element_type=\"container\" data-e-type=\"container\" data-settings=\"{&quot;background_background&quot;:&quot;classic&quot;,&quot;shape_divider_bottom&quot;:&quot;curve&quot;}\">\n\t\t\t\t\t<div class=\"e-con-inner\">\n\t\t\t\t<div class=\"elementor-shape elementor-shape-bottom\" aria-hidden=\"true\" data-negative=\"false\">\n\t\t\t<svg xmlns=\"http:\/\/www.w3.org\/2000\/svg\" viewBox=\"0 0 1000 100\" preserveAspectRatio=\"none\">\n    <path class=\"elementor-shape-fill\" d=\"M1000,4.3V0H0v4.3C0.9,23.1,126.7,99.2,500,100S1000,22.7,1000,4.3z\"\/>\n<\/svg>\t\t<\/div>\n\t\t<div class=\"elementor-element elementor-element-cd7f701 e-con-full e-flex e-con e-child\" data-id=\"cd7f701\" data-element_type=\"container\" data-e-type=\"container\">\n\t\t\t\t<\/div>\n\t\t<div class=\"elementor-element elementor-element-3196e19 e-con-full elementor-hidden-mobile e-flex e-con e-child\" data-id=\"3196e19\" data-element_type=\"container\" data-e-type=\"container\">\n\t\t\t\t<\/div>\n\t\t\t\t\t<\/div>\n\t\t\t\t<\/div>\n\t\t<div class=\"elementor-element elementor-element-60622a3 e-flex e-con-boxed e-con e-parent\" data-id=\"60622a3\" data-element_type=\"container\" data-e-type=\"container\">\n\t\t\t\t\t<div class=\"e-con-inner\">\n\t\t\t\t<div class=\"elementor-element elementor-element-90e7bd7 elementor-widget-divider--view-line_text elementor-hidden-mobile elementor-widget-divider--separator-type-pattern elementor-widget-divider--element-align-center elementor-widget elementor-widget-divider\" data-id=\"90e7bd7\" data-element_type=\"widget\" data-e-type=\"widget\" data-widget_type=\"divider.default\">\n\t\t\t\t<div class=\"elementor-widget-container\">\n\t\t\t\t\t\t\t<div class=\"elementor-divider\" style=\"--divider-pattern-url: url(&quot;data:image\/svg+xml,%3Csvg xmlns=&#039;http:\/\/www.w3.org\/2000\/svg&#039; preserveAspectRatio=&#039;none&#039; overflow=&#039;visible&#039; height=&#039;100%&#039; viewBox=&#039;0 0 20 16&#039; fill=&#039;none&#039; stroke=&#039;black&#039; stroke-width=&#039;1&#039; stroke-linecap=&#039;square&#039; stroke-miterlimit=&#039;10&#039;%3E%3Cg transform=&#039;translate(-12.000000, 0)&#039;%3E%3Cpath d=&#039;M28,0L10,18&#039;\/%3E%3Cpath d=&#039;M18,0L0,18&#039;\/%3E%3Cpath d=&#039;M48,0L30,18&#039;\/%3E%3Cpath d=&#039;M38,0L20,18&#039;\/%3E%3C\/g%3E%3C\/svg%3E&quot;);\">\n\t\t\t<span class=\"elementor-divider-separator\">\n\t\t\t\t\t\t\t<span class=\"elementor-divider__text elementor-divider__element\">\n\t\t\t\tTOURISME DANS LE DELTA DE L\u2019EBRE\t\t\t\t<\/span>\n\t\t\t\t\t\t<\/span>\n\t\t<\/div>\n\t\t\t\t\t\t<\/div>\n\t\t\t\t<\/div>\n\t\t\t\t<div class=\"elementor-element elementor-element-3a6de59 elementor-widget elementor-widget-heading\" data-id=\"3a6de59\" data-element_type=\"widget\" data-e-type=\"widget\" data-widget_type=\"heading.default\">\n\t\t\t\t<div class=\"elementor-widget-container\">\n\t\t\t\t\t<h1 class=\"elementor-heading-title elementor-size-default\"><b>Excursion en bateau<\/b> sur <b>l\u2019\u00c8bre<\/b><\/h1>\t\t\t\t<\/div>\n\t\t\t\t<\/div>\n\t\t\t\t<div class=\"elementor-element elementor-element-95465e7 elementor-widget elementor-widget-heading\" data-id=\"95465e7\" data-element_type=\"widget\" data-e-type=\"widget\" data-widget_type=\"heading.default\">\n\t\t\t\t<div class=\"elementor-widget-container\">\n\t\t\t\t\t<h2 class=\"elementor-heading-title elementor-size-default\">Naviguez le long de l\u2019\u00c8bre : d\u00e9couvrez sa biodiversit\u00e9 lors d\u2019une excursion en bateau pr\u00e8s du camping Eucaliptus<\/h2>\t\t\t\t<\/div>\n\t\t\t\t<\/div>\n\t\t\t\t<div class=\"elementor-element elementor-element-8cade84 elementor-widget elementor-widget-image\" data-id=\"8cade84\" data-element_type=\"widget\" data-e-type=\"widget\" data-widget_type=\"image.default\">\n\t\t\t\t<div class=\"elementor-widget-container\">\n\t\t\t\t\t\t\t\t\t\t\t\t\t\t\t<img fetchpriority=\"high\" decoding=\"async\" width=\"800\" height=\"550\" src=\"https:\/\/campingeucaliptus.com\/wp-content\/uploads\/2024\/11\/Paseo-en-Barco-por-el-Ebro-3-min.jpg\" class=\"attachment-large size-large wp-image-1397\" alt=\"Camping Eucaliptus en el Delta del Ebro\" srcset=\"https:\/\/campingeucaliptus.com\/wp-content\/uploads\/2024\/11\/Paseo-en-Barco-por-el-Ebro-3-min.jpg 800w, https:\/\/campingeucaliptus.com\/wp-content\/uploads\/2024\/11\/Paseo-en-Barco-por-el-Ebro-3-min-300x206.jpg 300w, https:\/\/campingeucaliptus.com\/wp-content\/uploads\/2024\/11\/Paseo-en-Barco-por-el-Ebro-3-min-768x528.jpg 768w\" sizes=\"(max-width: 800px) 100vw, 800px\">\t\t\t\t\t\t\t\t\t\t\t\t\t\t\t<\/div>\n\t\t\t\t<\/div>\n\t\t\t\t<div class=\"elementor-element elementor-element-c418abb elementor-widget elementor-widget-text-editor\" data-id=\"c418abb\" data-element_type=\"widget\" data-e-type=\"widget\" data-widget_type=\"text-editor.default\">\n\t\t\t\t<div class=\"elementor-widget-container\">\n\t\t\t\t\t\t\t\t\t<p>Explorer l\u2019\u00c8bre en bateau est une exp\u00e9rience unique qui vous permettra de d\u00e9couvrir la riche biodiversit\u00e9 du delta. <strong>\u00c0 seulement 25 minutes de route du camping Eucaliptus<\/strong>, dans des villes telles que Deltebre ou Amposta, vous trouverez des embarcad\u00e8res et des voyagistes qui organisent des excursions en bateau pour explorer cette rivi\u00e8re embl\u00e9matique.<\/p>\n\t\t\t\t\t\t\t\t<\/div>\n\t\t\t\t<\/div>\n\t\t\t\t<div class=\"elementor-element elementor-element-776e427 elementor-widget-divider--view-line elementor-widget elementor-widget-divider\" data-id=\"776e427\" data-element_type=\"widget\" data-e-type=\"widget\" data-widget_type=\"divider.default\">\n\t\t\t\t<div class=\"elementor-widget-container\">\n\t\t\t\t\t\t\t<div class=\"elementor-divider\">\n\t\t\t<span class=\"elementor-divider-separator\">\n\t\t\t\t\t\t<\/span>\n\t\t<\/div>\n\t\t\t\t\t\t<\/div>\n\t\t\t\t<\/div>\n\t\t<div class=\"elementor-element elementor-element-a12b942 e-con-full e-flex e-con e-child\" data-id=\"a12b942\" data-element_type=\"container\" data-e-type=\"container\">\n\t\t<div class=\"elementor-element elementor-element-d88bda1 e-con-full e-flex e-con e-child\" data-id=\"d88bda1\" data-element_type=\"container\" data-e-type=\"container\">\n\t\t\t\t<div class=\"elementor-element elementor-element-d5727d5 elementor-widget elementor-widget-heading\" data-id=\"d5727d5\" data-element_type=\"widget\" data-e-type=\"widget\" data-widget_type=\"heading.default\">\n\t\t\t\t<div class=\"elementor-widget-container\">\n\t\t\t\t\t<h2 class=\"elementor-heading-title elementor-size-default\">Que voir lors de l\u2019excursion en bateau sur l\u2019\u00c8bre<\/h2>\t\t\t\t<\/div>\n\t\t\t\t<\/div>\n\t\t\t\t<div class=\"elementor-element elementor-element-cd66658 elementor-widget-divider--separator-type-pattern elementor-widget-divider--view-line elementor-widget elementor-widget-divider\" data-id=\"cd66658\" data-element_type=\"widget\" data-e-type=\"widget\" data-widget_type=\"divider.default\">\n\t\t\t\t<div class=\"elementor-widget-container\">\n\t\t\t\t\t\t\t<div class=\"elementor-divider\" style=\"--divider-pattern-url: url(&quot;data:image\/svg+xml,%3Csvg xmlns=&#039;http:\/\/www.w3.org\/2000\/svg&#039; preserveAspectRatio=&#039;none&#039; overflow=&#039;visible&#039; height=&#039;100%&#039; viewBox=&#039;0 0 20 16&#039; fill=&#039;none&#039; stroke=&#039;black&#039; stroke-width=&#039;1&#039; stroke-linecap=&#039;square&#039; stroke-miterlimit=&#039;10&#039;%3E%3Cg transform=&#039;translate(-12.000000, 0)&#039;%3E%3Cpath d=&#039;M28,0L10,18&#039;\/%3E%3Cpath d=&#039;M18,0L0,18&#039;\/%3E%3Cpath d=&#039;M48,0L30,18&#039;\/%3E%3Cpath d=&#039;M38,0L20,18&#039;\/%3E%3C\/g%3E%3C\/svg%3E&quot;);\">\n\t\t\t<span class=\"elementor-divider-separator\">\n\t\t\t\t\t\t<\/span>\n\t\t<\/div>\n\t\t\t\t\t\t<\/div>\n\t\t\t\t<\/div>\n\t\t\t\t<div class=\"elementor-element elementor-element-cce52ba elementor-widget elementor-widget-text-editor\" data-id=\"cce52ba\" data-element_type=\"widget\" data-e-type=\"widget\" data-widget_type=\"text-editor.default\">\n\t\t\t\t<div class=\"elementor-widget-container\">\n\t\t\t\t\t\t\t\t\t<p>Cette promenade fluviale vous fera traverser certains des paysages les plus embl\u00e9matiques du delta de l\u2019\u00c8bre, o\u00f9 il est possible d\u2019observer une grande vari\u00e9t\u00e9 d\u2019oiseaux aquatiques, tels que des h\u00e9rons et des cormorans, ainsi que la v\u00e9g\u00e9tation typique des zones humides. L\u2019exp\u00e9rience de la navigation sur la rivi\u00e8re offre une perspective diff\u00e9rente sur cet \u00e9cosyst\u00e8me unique.<\/p>\n\t\t\t\t\t\t\t\t<\/div>\n\t\t\t\t<\/div>\n\t\t\t\t<\/div>\n\t\t<div class=\"elementor-element elementor-element-3c16267 e-con-full e-flex e-con e-child\" data-id=\"3c16267\" data-element_type=\"container\" data-e-type=\"container\">\n\t\t\t\t<div class=\"elementor-element elementor-element-3f250f9 elementor-widget elementor-widget-image\" data-id=\"3f250f9\" data-element_type=\"widget\" data-e-type=\"widget\" data-widget_type=\"image.default\">\n\t\t\t\t<div class=\"elementor-widget-container\">\n\t\t\t\t\t\t\t\t\t\t\t\t\t\t\t<img decoding=\"async\" width=\"800\" height=\"550\" src=\"https:\/\/campingeucaliptus.com\/wp-content\/uploads\/2024\/11\/Paseo-en-Barco-por-el-Ebro-2-min.jpg\" class=\"attachment-large size-large wp-image-1400\" alt=\"Camping Eucaliptus en el Delta del Ebro\" srcset=\"https:\/\/campingeucaliptus.com\/wp-content\/uploads\/2024\/11\/Paseo-en-Barco-por-el-Ebro-2-min.jpg 800w, https:\/\/campingeucaliptus.com\/wp-content\/uploads\/2024\/11\/Paseo-en-Barco-por-el-Ebro-2-min-300x206.jpg 300w, https:\/\/campingeucaliptus.com\/wp-content\/uploads\/2024\/11\/Paseo-en-Barco-por-el-Ebro-2-min-768x528.jpg 768w\" sizes=\"(max-width: 800px) 100vw, 800px\">\t\t\t\t\t\t\t\t\t\t\t\t\t\t\t<\/div>\n\t\t\t\t<\/div>\n\t\t\t\t<\/div>\n\t\t\t\t<\/div>\n\t\t<div class=\"elementor-element elementor-element-d59687a e-con-full e-flex e-con e-child\" data-id=\"d59687a\" data-element_type=\"container\" data-e-type=\"container\">\n\t\t<div class=\"elementor-element elementor-element-02e82fd e-con-full e-flex e-con e-child\" data-id=\"02e82fd\" data-element_type=\"container\" data-e-type=\"container\">\n\t\t\t\t<div class=\"elementor-element elementor-element-27298be elementor-widget elementor-widget-image\" data-id=\"27298be\" data-element_type=\"widget\" data-e-type=\"widget\" data-widget_type=\"image.default\">\n\t\t\t\t<div class=\"elementor-widget-container\">\n\t\t\t\t\t\t\t\t\t\t\t\t\t\t\t<img decoding=\"async\" width=\"800\" height=\"550\" src=\"https:\/\/campingeucaliptus.com\/wp-content\/uploads\/2024\/11\/Paseo-en-Barco-por-el-Ebro-4-min.jpg\" class=\"attachment-large size-large wp-image-1394\" alt=\"Camping Eucaliptus en el Delta del Ebro\" srcset=\"https:\/\/campingeucaliptus.com\/wp-content\/uploads\/2024\/11\/Paseo-en-Barco-por-el-Ebro-4-min.jpg 800w, https:\/\/campingeucaliptus.com\/wp-content\/uploads\/2024\/11\/Paseo-en-Barco-por-el-Ebro-4-min-300x206.jpg 300w, https:\/\/campingeucaliptus.com\/wp-content\/uploads\/2024\/11\/Paseo-en-Barco-por-el-Ebro-4-min-768x528.jpg 768w\" sizes=\"(max-width: 800px) 100vw, 800px\">\t\t\t\t\t\t\t\t\t\t\t\t\t\t\t<\/div>\n\t\t\t\t<\/div>\n\t\t\t\t<\/div>\n\t\t<div class=\"elementor-element elementor-element-80696b4 e-con-full e-flex e-con e-child\" data-id=\"80696b4\" data-element_type=\"container\" data-e-type=\"container\">\n\t\t\t\t<div class=\"elementor-element elementor-element-29df411 elementor-widget elementor-widget-heading\" data-id=\"29df411\" data-element_type=\"widget\" data-e-type=\"widget\" data-widget_type=\"heading.default\">\n\t\t\t\t<div class=\"elementor-widget-container\">\n\t\t\t\t\t<h2 class=\"elementor-heading-title elementor-size-default\">Recommandations pour une exp\u00e9rience compl\u00e8te<\/h2>\t\t\t\t<\/div>\n\t\t\t\t<\/div>\n\t\t\t\t<div class=\"elementor-element elementor-element-cd4218c elementor-widget-divider--separator-type-pattern elementor-widget-divider--view-line elementor-widget elementor-widget-divider\" data-id=\"cd4218c\" data-element_type=\"widget\" data-e-type=\"widget\" data-widget_type=\"divider.default\">\n\t\t\t\t<div class=\"elementor-widget-container\">\n\t\t\t\t\t\t\t<div class=\"elementor-divider\" style=\"--divider-pattern-url: url(&quot;data:image\/svg+xml,%3Csvg xmlns=&#039;http:\/\/www.w3.org\/2000\/svg&#039; preserveAspectRatio=&#039;none&#039; overflow=&#039;visible&#039; height=&#039;100%&#039; viewBox=&#039;0 0 20 16&#039; fill=&#039;none&#039; stroke=&#039;black&#039; stroke-width=&#039;1&#039; stroke-linecap=&#039;square&#039; stroke-miterlimit=&#039;10&#039;%3E%3Cg transform=&#039;translate(-12.000000, 0)&#039;%3E%3Cpath d=&#039;M28,0L10,18&#039;\/%3E%3Cpath d=&#039;M18,0L0,18&#039;\/%3E%3Cpath d=&#039;M48,0L30,18&#039;\/%3E%3Cpath d=&#039;M38,0L20,18&#039;\/%3E%3C\/g%3E%3C\/svg%3E&quot;);\">\n\t\t\t<span class=\"elementor-divider-separator\">\n\t\t\t\t\t\t<\/span>\n\t\t<\/div>\n\t\t\t\t\t\t<\/div>\n\t\t\t\t<\/div>\n\t\t\t\t<div class=\"elementor-element elementor-element-a2e3568 elementor-widget elementor-widget-text-editor\" data-id=\"a2e3568\" data-element_type=\"widget\" data-e-type=\"widget\" data-widget_type=\"text-editor.default\">\n\t\t\t\t<div class=\"elementor-widget-container\">\n\t\t\t\t\t\t\t\t\t<p>Il est conseill\u00e9 de porter des v\u00eatements confortables, une protection solaire et un appareil photo pour capturer la flore et la faune du delta. Les excursions en bateau proposent souvent des guides qui expliquent l\u2019histoire et l\u2019\u00e9cosyst\u00e8me de la rivi\u00e8re, ce qui enrichit l\u2019exp\u00e9rience. Il est recommand\u00e9 de r\u00e9server \u00e0 l\u2019avance, surtout en haute saison.<\/p>\n\t\t\t\t\t\t\t\t<\/div>\n\t\t\t\t<\/div>\n\t\t\t\t<\/div>\n\t\t\t\t<\/div>\n\t\t<div class=\"elementor-element elementor-element-ce71674 e-con-full e-flex e-con e-child\" data-id=\"ce71674\" data-element_type=\"container\" data-e-type=\"container\">\n\t\t<div class=\"elementor-element elementor-element-978e65f e-con-full e-flex e-con e-child\" data-id=\"978e65f\" data-element_type=\"container\" data-e-type=\"container\">\n\t\t\t\t<div class=\"elementor-element elementor-element-01b565e elementor-widget elementor-widget-heading\" data-id=\"01b565e\" data-element_type=\"widget\" data-e-type=\"widget\" data-widget_type=\"heading.default\">\n\t\t\t\t<div class=\"elementor-widget-container\">\n\t\t\t\t\t<h2 class=\"elementor-heading-title elementor-size-default\">Avec qui partir et quand faire la visite<\/h2>\t\t\t\t<\/div>\n\t\t\t\t<\/div>\n\t\t\t\t<div class=\"elementor-element elementor-element-5617253 elementor-widget-divider--separator-type-pattern elementor-widget-divider--view-line elementor-widget elementor-widget-divider\" data-id=\"5617253\" data-element_type=\"widget\" data-e-type=\"widget\" data-widget_type=\"divider.default\">\n\t\t\t\t<div class=\"elementor-widget-container\">\n\t\t\t\t\t\t\t<div class=\"elementor-divider\" style=\"--divider-pattern-url: url(&quot;data:image\/svg+xml,%3Csvg xmlns=&#039;http:\/\/www.w3.org\/2000\/svg&#039; preserveAspectRatio=&#039;none&#039; overflow=&#039;visible&#039; height=&#039;100%&#039; viewBox=&#039;0 0 20 16&#039; fill=&#039;none&#039; stroke=&#039;black&#039; stroke-width=&#039;1&#039; stroke-linecap=&#039;square&#039; stroke-miterlimit=&#039;10&#039;%3E%3Cg transform=&#039;translate(-12.000000, 0)&#039;%3E%3Cpath d=&#039;M28,0L10,18&#039;\/%3E%3Cpath d=&#039;M18,0L0,18&#039;\/%3E%3Cpath d=&#039;M48,0L30,18&#039;\/%3E%3Cpath d=&#039;M38,0L20,18&#039;\/%3E%3C\/g%3E%3C\/svg%3E&quot;);\">\n\t\t\t<span class=\"elementor-divider-separator\">\n\t\t\t\t\t\t<\/span>\n\t\t<\/div>\n\t\t\t\t\t\t<\/div>\n\t\t\t\t<\/div>\n\t\t\t\t<div class=\"elementor-element elementor-element-571a000 elementor-widget elementor-widget-text-editor\" data-id=\"571a000\" data-element_type=\"widget\" data-e-type=\"widget\" data-widget_type=\"text-editor.default\">\n\t\t\t\t<div class=\"elementor-widget-container\">\n\t\t\t\t\t\t\t\t\t<p>Id\u00e9ale pour tous les \u00e2ges, cette excursion en bateau est parfaite pour les familles et les voyageurs en solo \u00e0 la recherche d\u2019une activit\u00e9 d\u00e9tendue et \u00e9ducative. Le printemps et l\u2019automne sont les meilleurs moments pour profiter de la rivi\u00e8re, car le temps est plus doux et la faune abondante.<\/p>\n\t\t\t\t\t\t\t\t<\/div>\n\t\t\t\t<\/div>\n\t\t\t\t<\/div>\n\t\t<div class=\"elementor-element elementor-element-243a244 e-con-full e-flex e-con e-child\" data-id=\"243a244\" data-element_type=\"container\" data-e-type=\"container\">\n\t\t\t\t<div class=\"elementor-element elementor-element-e2e5c72 elementor-widget elementor-widget-image\" data-id=\"e2e5c72\" data-element_type=\"widget\" data-e-type=\"widget\" data-widget_type=\"image.default\">\n\t\t\t\t<div class=\"elementor-widget-container\">\n\t\t\t\t\t\t\t\t\t\t\t\t\t\t\t<img loading=\"lazy\" decoding=\"async\" width=\"800\" height=\"550\" src=\"https:\/\/campingeucaliptus.com\/wp-content\/uploads\/2024\/11\/Paseo-en-Barco-por-el-Ebro-1-min.jpg\" class=\"attachment-large size-large wp-image-1391\" alt=\"Camping Eucaliptus en el Delta del Ebro\" srcset=\"https:\/\/campingeucaliptus.com\/wp-content\/uploads\/2024\/11\/Paseo-en-Barco-por-el-Ebro-1-min.jpg 800w, https:\/\/campingeucaliptus.com\/wp-content\/uploads\/2024\/11\/Paseo-en-Barco-por-el-Ebro-1-min-300x206.jpg 300w, https:\/\/campingeucaliptus.com\/wp-content\/uploads\/2024\/11\/Paseo-en-Barco-por-el-Ebro-1-min-768x528.jpg 768w\" sizes=\"(max-width: 800px) 100vw, 800px\">\t\t\t\t\t\t\t\t\t\t\t\t\t\t\t<\/div>\n\t\t\t\t<\/div>\n\t\t\t\t<\/div>\n\t\t\t\t<\/div>\n\t\t\t\t\t<\/div>\n\t\t\t\t<\/div>\n\t\t<div class=\"elementor-element elementor-element-acda5d7 e-flex e-con-boxed e-con e-parent\" data-id=\"acda5d7\" data-element_type=\"container\" data-e-type=\"container\" data-settings=\"{&quot;background_background&quot;:&quot;classic&quot;}\">\n\t\t\t\t\t<div class=\"e-con-inner\">\n\t\t\t\t<div class=\"elementor-element elementor-element-6c0d9e6 elementor-widget elementor-widget-heading\" data-id=\"6c0d9e6\" data-element_type=\"widget\" data-e-type=\"widget\" data-widget_type=\"heading.default\">\n\t\t\t\t<div class=\"elementor-widget-container\">\n\t\t\t\t\t<div class=\"elementor-heading-title elementor-size-default\">Visitez le delta de l\u2019\u00c8bre et d\u00e9couvrez tous ses environs<\/div>\t\t\t\t<\/div>\n\t\t\t\t<\/div>\n\t\t\t\t<div class=\"elementor-element elementor-element-170df5a elementor-widget elementor-widget-text-editor\" data-id=\"170df5a\" data-element_type=\"widget\" data-e-type=\"widget\" data-widget_type=\"text-editor.default\">\n\t\t\t\t<div class=\"elementor-widget-container\">\n\t\t\t\t\t\t\t\t\t<p>Class\u00e9e R\u00e9serve de Biosph\u00e8re, la faune et la flore du Delta de l\u2019\u00c8bre vous attendent.<\/p>\n\t\t\t\t\t\t\t\t<\/div>\n\t\t\t\t<\/div>\n\t\t\t\t<div class=\"elementor-element elementor-element-800c2df elementor-align-center elementor-mobile-align-center elementor-widget elementor-widget-button\" data-id=\"800c2df\" data-element_type=\"widget\" data-e-type=\"widget\" data-widget_type=\"button.default\">\n\t\t\t\t<div class=\"elementor-widget-container\">\n\t\t\t\t\t\t\t\t\t<div class=\"elementor-button-wrapper\">\n\t\t\t\t\t<a class=\"elementor-button elementor-button-link elementor-size-sm elementor-animation-bob\" href=\"https:\/\/thelisresa.webcamp.fr\/?camping=eucaliptus\" target=\"_blank\" rel=\"noopener\">\n\t\t\t\t\t\t<span class=\"elementor-button-content-wrapper\">\n\t\t\t\t\t\t<span class=\"elementor-button-icon\">\n\t\t\t\t<svg aria-hidden=\"true\" class=\"e-font-icon-svg e-fas-angle-double-right\" viewBox=\"0 0 448 512\" xmlns=\"http:\/\/www.w3.org\/2000\/svg\"><path d=\"M224.3 273l-136 136c-9.4 9.4-24.6 9.4-33.9 0l-22.6-22.6c-9.4-9.4-9.4-24.6 0-33.9l96.4-96.4-96.4-96.4c-9.4-9.4-9.4-24.6 0-33.9L54.3 103c9.4-9.4 24.6-9.4 33.9 0l136 136c9.5 9.4 9.5 24.6.1 34zm192-34l-136-136c-9.4-9.4-24.6-9.4-33.9 0l-22.6 22.6c-9.4 9.4-9.4 24.6 0 33.9l96.4 96.4-96.4 96.4c-9.4 9.4-9.4 24.6 0 33.9l22.6 22.6c9.4 9.4 24.6 9.4 33.9 0l136-136c9.4-9.2 9.4-24.4 0-33.8z\"><\/path><\/svg>\t\t\t<\/span>\n\t\t\t\t\t\t\t\t\t<span class=\"elementor-button-text\">V\u00e9rifier la disponibilit\u00e9<\/span>\n\t\t\t\t\t<\/span>\n\t\t\t\t\t<\/a>\n\t\t\t\t<\/div>\n\t\t\t\t\t\t\t\t<\/div>\n\t\t\t\t<\/div>\n\t\t\t\t\t<\/div>\n\t\t\t\t<\/div>\n\t\t<div class=\"elementor-element elementor-element-63d42c4 e-flex e-con-boxed e-con e-parent\" data-id=\"63d42c4\" data-element_type=\"container\" data-e-type=\"container\" data-settings=\"{&quot;background_background&quot;:&quot;classic&quot;}\">\n\t\t\t\t\t<div class=\"e-con-inner\">\n\t\t<div class=\"elementor-element elementor-element-4970e69 e-con-full e-flex e-con e-child\" data-id=\"4970e69\" data-element_type=\"container\" data-e-type=\"container\">\n\t\t\t\t<div class=\"elementor-element elementor-element-d99425e elementor-widget elementor-widget-heading\" data-id=\"d99425e\" data-element_type=\"widget\" data-e-type=\"widget\" data-widget_type=\"heading.default\">\n\t\t\t\t<div class=\"elementor-widget-container\">\n\t\t\t\t\t<h2 class=\"elementor-heading-title elementor-size-default\">Comment s\u2019y rendre et commencer votre aventure sur l\u2019\u00c8bre<\/h2>\t\t\t\t<\/div>\n\t\t\t\t<\/div>\n\t\t\t\t<div class=\"elementor-element elementor-element-db86329 elementor-widget elementor-widget-text-editor\" data-id=\"db86329\" data-element_type=\"widget\" data-e-type=\"widget\" data-widget_type=\"text-editor.default\">\n\t\t\t\t<div class=\"elementor-widget-container\">\n\t\t\t\t\t\t\t\t\t<p>Depuis le Camping Eucaliptus, vous pouvez rejoindre les embarcad\u00e8res de Deltebre ou d\u2019Amposta en voiture en suivant la route TV-3401. Vous y trouverez plusieurs options d\u2019excursions, allant de courtes promenades \u00e0 des visites plus approfondies de la rivi\u00e8re.<\/p>\n<p>Explorer l\u2019\u00c8bre en bateau est une occasion unique d\u2019entrer au c\u0153ur du delta de l\u2019\u00c8bre, en profitant de la s\u00e9r\u00e9nit\u00e9 et de la beaut\u00e9 naturelle qui caract\u00e9risent cette r\u00e9gion.<\/p>\n\t\t\t\t\t\t\t\t<\/div>\n\t\t\t\t<\/div>\n\t\t\t\t<div class=\"elementor-element elementor-element-0bf7001 elementor-align-left elementor-mobile-align-center elementor-widget elementor-widget-button\" data-id=\"0bf7001\" data-element_type=\"widget\" data-e-type=\"widget\" data-widget_type=\"button.default\">\n\t\t\t\t<div class=\"elementor-widget-container\">\n\t\t\t\t\t\t\t\t\t<div class=\"elementor-button-wrapper\">\n\t\t\t\t\t<a class=\"elementor-button elementor-button-link elementor-size-sm elementor-animation-bob\" href=\"https:\/\/campingeucaliptus.com\/fr\/?page_id=1552\">\n\t\t\t\t\t\t<span class=\"elementor-button-content-wrapper\">\n\t\t\t\t\t\t<span class=\"elementor-button-icon\">\n\t\t\t\t<svg aria-hidden=\"true\" class=\"e-font-icon-svg e-fas-phone-alt\" viewBox=\"0 0 512 512\" xmlns=\"http:\/\/www.w3.org\/2000\/svg\"><path d=\"M497.39 361.8l-112-48a24 24 0 0 0-28 6.9l-49.6 60.6A370.66 370.66 0 0 1 130.6 204.11l60.6-49.6a23.94 23.94 0 0 0 6.9-28l-48-112A24.16 24.16 0 0 0 122.6.61l-104 24A24 24 0 0 0 0 48c0 256.5 207.9 464 464 464a24 24 0 0 0 23.4-18.6l24-104a24.29 24.29 0 0 0-14.01-27.6z\"><\/path><\/svg>\t\t\t<\/span>\n\t\t\t\t\t\t\t\t\t<span class=\"elementor-button-text\">Pour en savoir plus<\/span>\n\t\t\t\t\t<\/span>\n\t\t\t\t\t<\/a>\n\t\t\t\t<\/div>\n\t\t\t\t\t\t\t\t<\/div>\n\t\t\t\t<\/div>\n\t\t\t\t<\/div>\n\t\t<div class=\"elementor-element elementor-element-9a207a9 e-con-full e-flex e-con e-child\" data-id=\"9a207a9\" data-element_type=\"container\" data-e-type=\"container\">\n\t\t\t\t<div class=\"elementor-element elementor-element-693799f elementor-widget elementor-widget-shortcode\" data-id=\"693799f\" data-element_type=\"widget\" data-e-type=\"widget\" data-widget_type=\"shortcode.default\">\n\t\t\t\t<div class=\"elementor-widget-container\">\n\t\t\t\t\t\t\t<div class=\"elementor-shortcode\"><iframe src=\"https:\/\/www.google.com\/maps\/embed?pb=!1m18!1m12!1m3!1d6053.355148080816!2d0.775593993305579!3d40.65903727960918!2m3!1f0!2f0!3f0!3m2!1i1024!2i768!4f13.1!3m3!1m2!1s0x12a108467a8aa3bd%3A0x3f4da93bd8b3efd8!2sCamping%20Eucaliptus!5e0!3m2!1ses!2ses!4v1730876756203!5m2!1ses!2ses\" width=\"600\" height=\"400\" style=\"border:0;\" allowfullscreen=\"\" loading=\"lazy\" referrerpolicy=\"no-referrer-when-downgrade\"><\/iframe><\/div>\n\t\t\t\t\t\t<\/div>\n\t\t\t\t<\/div>\n\t\t\t\t<\/div>\n\t\t\t\t\t<\/div>\n\t\t\t\t<\/div>\n\t\t\t\t<\/div>\n\t\t","protected":false},"excerpt":{"rendered":"<p>TOURISME DANS LE DELTA DE L\u2019EBRE Excursion en bateau sur l\u2019\u00c8bre Naviguez le long de l\u2019\u00c8bre : d\u00e9couvrez sa biodiversit\u00e9 lors d\u2019une excursion en bateau pr\u00e8s du camping Eucaliptus Explorer l\u2019\u00c8bre en bateau est une exp\u00e9rience unique qui vous permettra de d\u00e9couvrir la riche biodiversit\u00e9 du delta. \u00c0 seulement 25 minutes de route du camping [&hellip;]<\/p>\n","protected":false},"author":2,"featured_media":0,"parent":1531,"menu_order":0,"comment_status":"closed","ping_status":"closed","template":"elementor_header_footer","meta":{"footnotes":""},"class_list":["post-1642","page","type-page","status-publish","hentry"],"_links":{"self":[{"href":"https:\/\/campingeucaliptus.com\/fr\/wp-json\/wp\/v2\/pages\/1642","targetHints":{"allow":["GET"]}}],"collection":[{"href":"https:\/\/campingeucaliptus.com\/fr\/wp-json\/wp\/v2\/pages"}],"about":[{"href":"https:\/\/campingeucaliptus.com\/fr\/wp-json\/wp\/v2\/types\/page"}],"author":[{"embeddable":true,"href":"https:\/\/campingeucaliptus.com\/fr\/wp-json\/wp\/v2\/users\/2"}],"replies":[{"embeddable":true,"href":"https:\/\/campingeucaliptus.com\/fr\/wp-json\/wp\/v2\/comments?post=1642"}],"version-history":[{"count":3,"href":"https:\/\/campingeucaliptus.com\/fr\/wp-json\/wp\/v2\/pages\/1642\/revisions"}],"predecessor-version":[{"id":1651,"href":"https:\/\/campingeucaliptus.com\/fr\/wp-json\/wp\/v2\/pages\/1642\/revisions\/1651"}],"up":[{"embeddable":true,"href":"https:\/\/campingeucaliptus.com\/fr\/wp-json\/wp\/v2\/pages\/1531"}],"wp:attachment":[{"href":"https:\/\/campingeucaliptus.com\/fr\/wp-json\/wp\/v2\/media?parent=1642"}],"curies":[{"name":"wp","href":"https:\/\/api.w.org\/{rel}","templated":true}]}}