{"id":1640,"date":"2024-11-06T07:08:21","date_gmt":"2024-11-06T06:08:21","guid":{"rendered":"https:\/\/campingeucaliptus.com\/tourisme\/observation-des-oiseaux-dans-la-lagune-de-tancada\/"},"modified":"2026-02-27T15:09:30","modified_gmt":"2026-02-27T14:09:30","slug":"observation-des-oiseaux-dans-la-lagune-de-tancada","status":"publish","type":"page","link":"https:\/\/campingeucaliptus.com\/fr\/tourisme\/observation-des-oiseaux-dans-la-lagune-de-tancada\/","title":{"rendered":"Observation des oiseaux dans la lagune de Tancada"},"content":{"rendered":"\t\t<div data-elementor-type=\"wp-page\" data-elementor-id=\"1640\" class=\"elementor elementor-1640 elementor-558\" data-elementor-post-type=\"page\">\n\t\t\t\t<div class=\"elementor-element elementor-element-936e6df e-flex e-con-boxed e-con e-parent\" data-id=\"936e6df\" data-element_type=\"container\" data-e-type=\"container\" data-settings=\"{&quot;background_background&quot;:&quot;classic&quot;,&quot;shape_divider_bottom&quot;:&quot;curve&quot;}\">\n\t\t\t\t\t<div class=\"e-con-inner\">\n\t\t\t\t<div class=\"elementor-shape elementor-shape-bottom\" aria-hidden=\"true\" data-negative=\"false\">\n\t\t\t<svg xmlns=\"http:\/\/www.w3.org\/2000\/svg\" viewBox=\"0 0 1000 100\" preserveAspectRatio=\"none\">\n    <path class=\"elementor-shape-fill\" d=\"M1000,4.3V0H0v4.3C0.9,23.1,126.7,99.2,500,100S1000,22.7,1000,4.3z\"\/>\n<\/svg>\t\t<\/div>\n\t\t<div class=\"elementor-element elementor-element-449cf8f e-con-full e-flex e-con e-child\" data-id=\"449cf8f\" data-element_type=\"container\" data-e-type=\"container\">\n\t\t\t\t<\/div>\n\t\t<div class=\"elementor-element elementor-element-cd5d263 e-con-full elementor-hidden-mobile e-flex e-con e-child\" data-id=\"cd5d263\" data-element_type=\"container\" data-e-type=\"container\">\n\t\t\t\t<\/div>\n\t\t\t\t\t<\/div>\n\t\t\t\t<\/div>\n\t\t<div class=\"elementor-element elementor-element-208eb1c e-flex e-con-boxed e-con e-parent\" data-id=\"208eb1c\" data-element_type=\"container\" data-e-type=\"container\">\n\t\t\t\t\t<div class=\"e-con-inner\">\n\t\t\t\t<div class=\"elementor-element elementor-element-2580839 elementor-widget-divider--view-line_text elementor-hidden-mobile elementor-widget-divider--separator-type-pattern elementor-widget-divider--element-align-center elementor-widget elementor-widget-divider\" data-id=\"2580839\" data-element_type=\"widget\" data-e-type=\"widget\" data-widget_type=\"divider.default\">\n\t\t\t\t<div class=\"elementor-widget-container\">\n\t\t\t\t\t\t\t<div class=\"elementor-divider\" style=\"--divider-pattern-url: url(&quot;data:image\/svg+xml,%3Csvg xmlns=&#039;http:\/\/www.w3.org\/2000\/svg&#039; preserveAspectRatio=&#039;none&#039; overflow=&#039;visible&#039; height=&#039;100%&#039; viewBox=&#039;0 0 20 16&#039; fill=&#039;none&#039; stroke=&#039;black&#039; stroke-width=&#039;1&#039; stroke-linecap=&#039;square&#039; stroke-miterlimit=&#039;10&#039;%3E%3Cg transform=&#039;translate(-12.000000, 0)&#039;%3E%3Cpath d=&#039;M28,0L10,18&#039;\/%3E%3Cpath d=&#039;M18,0L0,18&#039;\/%3E%3Cpath d=&#039;M48,0L30,18&#039;\/%3E%3Cpath d=&#039;M38,0L20,18&#039;\/%3E%3C\/g%3E%3C\/svg%3E&quot;);\">\n\t\t\t<span class=\"elementor-divider-separator\">\n\t\t\t\t\t\t\t<span class=\"elementor-divider__text elementor-divider__element\">\n\t\t\t\tTOURISME DANS LE DELTA DE L\u2019EBRE\t\t\t\t<\/span>\n\t\t\t\t\t\t<\/span>\n\t\t<\/div>\n\t\t\t\t\t\t<\/div>\n\t\t\t\t<\/div>\n\t\t\t\t<div class=\"elementor-element elementor-element-d0e369a elementor-widget elementor-widget-heading\" data-id=\"d0e369a\" data-element_type=\"widget\" data-e-type=\"widget\" data-widget_type=\"heading.default\">\n\t\t\t\t<div class=\"elementor-widget-container\">\n\t\t\t\t\t<h1 class=\"elementor-heading-title elementor-size-default\"><b>Observation des\n oiseaux<\/b> dans <b> la lagune de Tancada<\/b><\/h1>\t\t\t\t<\/div>\n\t\t\t\t<\/div>\n\t\t\t\t<div class=\"elementor-element elementor-element-d34ff84 elementor-widget elementor-widget-heading\" data-id=\"d34ff84\" data-element_type=\"widget\" data-e-type=\"widget\" data-widget_type=\"heading.default\">\n\t\t\t\t<div class=\"elementor-widget-container\">\n\t\t\t\t\t<h2 class=\"elementor-heading-title elementor-size-default\">D\u00e9couvrez la magie de la lagune de La Tancada : une destination d\u2019observation des oiseaux pr\u00e8s du camping Eucaliptus<\/h2>\t\t\t\t<\/div>\n\t\t\t\t<\/div>\n\t\t\t\t<div class=\"elementor-element elementor-element-e3b55fc elementor-widget elementor-widget-image\" data-id=\"e3b55fc\" data-element_type=\"widget\" data-e-type=\"widget\" data-widget_type=\"image.default\">\n\t\t\t\t<div class=\"elementor-widget-container\">\n\t\t\t\t\t\t\t\t\t\t\t\t\t\t\t<img fetchpriority=\"high\" decoding=\"async\" width=\"800\" height=\"550\" src=\"https:\/\/campingeucaliptus.com\/wp-content\/uploads\/2024\/11\/Laguna-de-la-tancada-3-min.jpg\" class=\"attachment-large size-large wp-image-1364\" alt=\"Camping Eucaliptus en el Delta del Ebro\" srcset=\"https:\/\/campingeucaliptus.com\/wp-content\/uploads\/2024\/11\/Laguna-de-la-tancada-3-min.jpg 800w, https:\/\/campingeucaliptus.com\/wp-content\/uploads\/2024\/11\/Laguna-de-la-tancada-3-min-300x206.jpg 300w, https:\/\/campingeucaliptus.com\/wp-content\/uploads\/2024\/11\/Laguna-de-la-tancada-3-min-768x528.jpg 768w\" sizes=\"(max-width: 800px) 100vw, 800px\">\t\t\t\t\t\t\t\t\t\t\t\t\t\t\t<\/div>\n\t\t\t\t<\/div>\n\t\t\t\t<div class=\"elementor-element elementor-element-8e52817 elementor-widget elementor-widget-text-editor\" data-id=\"8e52817\" data-element_type=\"widget\" data-e-type=\"widget\" data-widget_type=\"text-editor.default\">\n\t\t\t\t<div class=\"elementor-widget-container\">\n\t\t\t\t\t\t\t\t\t<p>\u00c0 seulement<strong> 15 minutes en voiture du camping Eucaliptus, la lagune de Tancada<\/strong> est l\u2019un des points cl\u00e9s pour l\u2019observation des oiseaux dans le delta de l\u2019\u00c8bre. Pour s\u2019y rendre, il faut prendre la route TV-3401 en direction de l\u2019urbanisation Eucaliptus et suivre les panneaux indiquant le belv\u00e9d\u00e8re de Tancada, situ\u00e9 au c\u0153ur de cet espace naturel prot\u00e9g\u00e9. <\/p>\t\t\t\t\t\t\t\t<\/div>\n\t\t\t\t<\/div>\n\t\t\t\t<div class=\"elementor-element elementor-element-540c127 elementor-widget-divider--view-line elementor-widget elementor-widget-divider\" data-id=\"540c127\" data-element_type=\"widget\" data-e-type=\"widget\" data-widget_type=\"divider.default\">\n\t\t\t\t<div class=\"elementor-widget-container\">\n\t\t\t\t\t\t\t<div class=\"elementor-divider\">\n\t\t\t<span class=\"elementor-divider-separator\">\n\t\t\t\t\t\t<\/span>\n\t\t<\/div>\n\t\t\t\t\t\t<\/div>\n\t\t\t\t<\/div>\n\t\t<div class=\"elementor-element elementor-element-2d4235e e-con-full e-flex e-con e-child\" data-id=\"2d4235e\" data-element_type=\"container\" data-e-type=\"container\">\n\t\t<div class=\"elementor-element elementor-element-6b11a02 e-con-full e-flex e-con e-child\" data-id=\"6b11a02\" data-element_type=\"container\" data-e-type=\"container\">\n\t\t\t\t<div class=\"elementor-element elementor-element-6c0d0c5 elementor-widget elementor-widget-heading\" data-id=\"6c0d0c5\" data-element_type=\"widget\" data-e-type=\"widget\" data-widget_type=\"heading.default\">\n\t\t\t\t<div class=\"elementor-widget-container\">\n\t\t\t\t\t<h2 class=\"elementor-heading-title elementor-size-default\">Que voir dans la lagune de Tancada<\/h2>\t\t\t\t<\/div>\n\t\t\t\t<\/div>\n\t\t\t\t<div class=\"elementor-element elementor-element-463e368 elementor-widget-divider--separator-type-pattern elementor-widget-divider--view-line elementor-widget elementor-widget-divider\" data-id=\"463e368\" data-element_type=\"widget\" data-e-type=\"widget\" data-widget_type=\"divider.default\">\n\t\t\t\t<div class=\"elementor-widget-container\">\n\t\t\t\t\t\t\t<div class=\"elementor-divider\" style=\"--divider-pattern-url: url(&quot;data:image\/svg+xml,%3Csvg xmlns=&#039;http:\/\/www.w3.org\/2000\/svg&#039; preserveAspectRatio=&#039;none&#039; overflow=&#039;visible&#039; height=&#039;100%&#039; viewBox=&#039;0 0 20 16&#039; fill=&#039;none&#039; stroke=&#039;black&#039; stroke-width=&#039;1&#039; stroke-linecap=&#039;square&#039; stroke-miterlimit=&#039;10&#039;%3E%3Cg transform=&#039;translate(-12.000000, 0)&#039;%3E%3Cpath d=&#039;M28,0L10,18&#039;\/%3E%3Cpath d=&#039;M18,0L0,18&#039;\/%3E%3Cpath d=&#039;M48,0L30,18&#039;\/%3E%3Cpath d=&#039;M38,0L20,18&#039;\/%3E%3C\/g%3E%3C\/svg%3E&quot;);\">\n\t\t\t<span class=\"elementor-divider-separator\">\n\t\t\t\t\t\t<\/span>\n\t\t<\/div>\n\t\t\t\t\t\t<\/div>\n\t\t\t\t<\/div>\n\t\t\t\t<div class=\"elementor-element elementor-element-94787d7 elementor-widget elementor-widget-text-editor\" data-id=\"94787d7\" data-element_type=\"widget\" data-e-type=\"widget\" data-widget_type=\"text-editor.default\">\n\t\t\t\t<div class=\"elementor-widget-container\">\n\t\t\t\t\t\t\t\t\t<p>La lagune est un refuge pour des esp\u00e8ces embl\u00e9matiques du delta, comme les flamants roses, que l\u2019on trouve g\u00e9n\u00e9ralement en grandes bandes, les h\u00e9rons cendr\u00e9s, et divers oiseaux migrateurs. Les observatoires sont strat\u00e9giquement situ\u00e9s pour maximiser les vues, permettant aux visiteurs de capturer des moments uniques de la faune. <\/p>\t\t\t\t\t\t\t\t<\/div>\n\t\t\t\t<\/div>\n\t\t\t\t<\/div>\n\t\t<div class=\"elementor-element elementor-element-80cd18a e-con-full e-flex e-con e-child\" data-id=\"80cd18a\" data-element_type=\"container\" data-e-type=\"container\">\n\t\t\t\t<div class=\"elementor-element elementor-element-5030cc8 elementor-widget elementor-widget-image\" data-id=\"5030cc8\" data-element_type=\"widget\" data-e-type=\"widget\" data-widget_type=\"image.default\">\n\t\t\t\t<div class=\"elementor-widget-container\">\n\t\t\t\t\t\t\t\t\t\t\t\t\t\t\t<img decoding=\"async\" width=\"800\" height=\"550\" src=\"https:\/\/campingeucaliptus.com\/wp-content\/uploads\/2024\/11\/Laguna-de-la-tancada-4-min.jpg\" class=\"attachment-large size-large wp-image-1361\" alt=\"Camping Eucaliptus en el Delta del Ebro\" srcset=\"https:\/\/campingeucaliptus.com\/wp-content\/uploads\/2024\/11\/Laguna-de-la-tancada-4-min.jpg 800w, https:\/\/campingeucaliptus.com\/wp-content\/uploads\/2024\/11\/Laguna-de-la-tancada-4-min-300x206.jpg 300w, https:\/\/campingeucaliptus.com\/wp-content\/uploads\/2024\/11\/Laguna-de-la-tancada-4-min-768x528.jpg 768w\" sizes=\"(max-width: 800px) 100vw, 800px\">\t\t\t\t\t\t\t\t\t\t\t\t\t\t\t<\/div>\n\t\t\t\t<\/div>\n\t\t\t\t<\/div>\n\t\t\t\t<\/div>\n\t\t<div class=\"elementor-element elementor-element-590c2d1 e-con-full e-flex e-con e-child\" data-id=\"590c2d1\" data-element_type=\"container\" data-e-type=\"container\">\n\t\t<div class=\"elementor-element elementor-element-35c3567 e-con-full e-flex e-con e-child\" data-id=\"35c3567\" data-element_type=\"container\" data-e-type=\"container\">\n\t\t\t\t<div class=\"elementor-element elementor-element-8d72c5c elementor-widget elementor-widget-image\" data-id=\"8d72c5c\" data-element_type=\"widget\" data-e-type=\"widget\" data-widget_type=\"image.default\">\n\t\t\t\t<div class=\"elementor-widget-container\">\n\t\t\t\t\t\t\t\t\t\t\t\t\t\t\t<img decoding=\"async\" width=\"800\" height=\"550\" src=\"https:\/\/campingeucaliptus.com\/wp-content\/uploads\/2024\/11\/Laguna-La-Tancada-Delta-del-EBro.jpg\" class=\"attachment-large size-large wp-image-1367\" alt=\"Camping Eucaliptus en el Delta del Ebro\" srcset=\"https:\/\/campingeucaliptus.com\/wp-content\/uploads\/2024\/11\/Laguna-La-Tancada-Delta-del-EBro.jpg 800w, https:\/\/campingeucaliptus.com\/wp-content\/uploads\/2024\/11\/Laguna-La-Tancada-Delta-del-EBro-300x206.jpg 300w, https:\/\/campingeucaliptus.com\/wp-content\/uploads\/2024\/11\/Laguna-La-Tancada-Delta-del-EBro-768x528.jpg 768w\" sizes=\"(max-width: 800px) 100vw, 800px\">\t\t\t\t\t\t\t\t\t\t\t\t\t\t\t<\/div>\n\t\t\t\t<\/div>\n\t\t\t\t<\/div>\n\t\t<div class=\"elementor-element elementor-element-f7b6dc9 e-con-full e-flex e-con e-child\" data-id=\"f7b6dc9\" data-element_type=\"container\" data-e-type=\"container\">\n\t\t\t\t<div class=\"elementor-element elementor-element-2d71a4a elementor-widget elementor-widget-heading\" data-id=\"2d71a4a\" data-element_type=\"widget\" data-e-type=\"widget\" data-widget_type=\"heading.default\">\n\t\t\t\t<div class=\"elementor-widget-container\">\n\t\t\t\t\t<h2 class=\"elementor-heading-title elementor-size-default\">Recommandations pour une exp\u00e9rience unique<\/h2>\t\t\t\t<\/div>\n\t\t\t\t<\/div>\n\t\t\t\t<div class=\"elementor-element elementor-element-f3fc645 elementor-widget-divider--separator-type-pattern elementor-widget-divider--view-line elementor-widget elementor-widget-divider\" data-id=\"f3fc645\" data-element_type=\"widget\" data-e-type=\"widget\" data-widget_type=\"divider.default\">\n\t\t\t\t<div class=\"elementor-widget-container\">\n\t\t\t\t\t\t\t<div class=\"elementor-divider\" style=\"--divider-pattern-url: url(&quot;data:image\/svg+xml,%3Csvg xmlns=&#039;http:\/\/www.w3.org\/2000\/svg&#039; preserveAspectRatio=&#039;none&#039; overflow=&#039;visible&#039; height=&#039;100%&#039; viewBox=&#039;0 0 20 16&#039; fill=&#039;none&#039; stroke=&#039;black&#039; stroke-width=&#039;1&#039; stroke-linecap=&#039;square&#039; stroke-miterlimit=&#039;10&#039;%3E%3Cg transform=&#039;translate(-12.000000, 0)&#039;%3E%3Cpath d=&#039;M28,0L10,18&#039;\/%3E%3Cpath d=&#039;M18,0L0,18&#039;\/%3E%3Cpath d=&#039;M48,0L30,18&#039;\/%3E%3Cpath d=&#039;M38,0L20,18&#039;\/%3E%3C\/g%3E%3C\/svg%3E&quot;);\">\n\t\t\t<span class=\"elementor-divider-separator\">\n\t\t\t\t\t\t<\/span>\n\t\t<\/div>\n\t\t\t\t\t\t<\/div>\n\t\t\t\t<\/div>\n\t\t\t\t<div class=\"elementor-element elementor-element-6d85336 elementor-widget elementor-widget-text-editor\" data-id=\"6d85336\" data-element_type=\"widget\" data-e-type=\"widget\" data-widget_type=\"text-editor.default\">\n\t\t\t\t<div class=\"elementor-widget-container\">\n\t\t\t\t\t\t\t\t\t<p>Pour une exp\u00e9rience d\u2019observation optimale, il est recommand\u00e9 d\u2019apporter des jumelles et un appareil photo avec un bon zoom pour capturer les d\u00e9tails. Les premi\u00e8res heures du matin ou du coucher du soleil sont les moments id\u00e9aux pour observer les oiseaux dans leur environnement naturel, car ils sont plus actifs et les conditions de lumi\u00e8re am\u00e9liorent la visibilit\u00e9. <\/p>\t\t\t\t\t\t\t\t<\/div>\n\t\t\t\t<\/div>\n\t\t\t\t<\/div>\n\t\t\t\t<\/div>\n\t\t<div class=\"elementor-element elementor-element-25fe177 e-con-full e-flex e-con e-child\" data-id=\"25fe177\" data-element_type=\"container\" data-e-type=\"container\">\n\t\t<div class=\"elementor-element elementor-element-533dd83 e-con-full e-flex e-con e-child\" data-id=\"533dd83\" data-element_type=\"container\" data-e-type=\"container\">\n\t\t\t\t<div class=\"elementor-element elementor-element-c2dcd56 elementor-widget elementor-widget-heading\" data-id=\"c2dcd56\" data-element_type=\"widget\" data-e-type=\"widget\" data-widget_type=\"heading.default\">\n\t\t\t\t<div class=\"elementor-widget-container\">\n\t\t\t\t\t<h2 class=\"elementor-heading-title elementor-size-default\">Avec qui aller et comment en profiter au maximum<\/h2>\t\t\t\t<\/div>\n\t\t\t\t<\/div>\n\t\t\t\t<div class=\"elementor-element elementor-element-7b0241d elementor-widget-divider--separator-type-pattern elementor-widget-divider--view-line elementor-widget elementor-widget-divider\" data-id=\"7b0241d\" data-element_type=\"widget\" data-e-type=\"widget\" data-widget_type=\"divider.default\">\n\t\t\t\t<div class=\"elementor-widget-container\">\n\t\t\t\t\t\t\t<div class=\"elementor-divider\" style=\"--divider-pattern-url: url(&quot;data:image\/svg+xml,%3Csvg xmlns=&#039;http:\/\/www.w3.org\/2000\/svg&#039; preserveAspectRatio=&#039;none&#039; overflow=&#039;visible&#039; height=&#039;100%&#039; viewBox=&#039;0 0 20 16&#039; fill=&#039;none&#039; stroke=&#039;black&#039; stroke-width=&#039;1&#039; stroke-linecap=&#039;square&#039; stroke-miterlimit=&#039;10&#039;%3E%3Cg transform=&#039;translate(-12.000000, 0)&#039;%3E%3Cpath d=&#039;M28,0L10,18&#039;\/%3E%3Cpath d=&#039;M18,0L0,18&#039;\/%3E%3Cpath d=&#039;M48,0L30,18&#039;\/%3E%3Cpath d=&#039;M38,0L20,18&#039;\/%3E%3C\/g%3E%3C\/svg%3E&quot;);\">\n\t\t\t<span class=\"elementor-divider-separator\">\n\t\t\t\t\t\t<\/span>\n\t\t<\/div>\n\t\t\t\t\t\t<\/div>\n\t\t\t\t<\/div>\n\t\t\t\t<div class=\"elementor-element elementor-element-82c7367 elementor-widget elementor-widget-text-editor\" data-id=\"82c7367\" data-element_type=\"widget\" data-e-type=\"widget\" data-widget_type=\"text-editor.default\">\n\t\t\t\t<div class=\"elementor-widget-container\">\n\t\t\t\t\t\t\t\t\t<p>La lagune de La Tancada est une destination id\u00e9ale pour les familles, les amateurs de photographie et les ornithologues de tous niveaux. La r\u00e9gion dispose de sentiers accessibles et convient \u00e0 la marche ou au v\u00e9lo. De plus, le camping dispose d\u2019informations d\u00e9taill\u00e9es et de cartes qui facilitent la planification de l\u2019itin\u00e9raire.  <\/p>\t\t\t\t\t\t\t\t<\/div>\n\t\t\t\t<\/div>\n\t\t\t\t<\/div>\n\t\t<div class=\"elementor-element elementor-element-2ef04fa e-con-full e-flex e-con e-child\" data-id=\"2ef04fa\" data-element_type=\"container\" data-e-type=\"container\">\n\t\t\t\t<div class=\"elementor-element elementor-element-c65aaed elementor-widget elementor-widget-image\" data-id=\"c65aaed\" data-element_type=\"widget\" data-e-type=\"widget\" data-widget_type=\"image.default\">\n\t\t\t\t<div class=\"elementor-widget-container\">\n\t\t\t\t\t\t\t\t\t\t\t\t\t\t\t<img loading=\"lazy\" decoding=\"async\" width=\"800\" height=\"550\" src=\"https:\/\/campingeucaliptus.com\/wp-content\/uploads\/2024\/11\/Laguna-de-la-tancada-1-min.jpg\" class=\"attachment-large size-large wp-image-1358\" alt=\"Camping Eucaliptus en el Delta del Ebro\" srcset=\"https:\/\/campingeucaliptus.com\/wp-content\/uploads\/2024\/11\/Laguna-de-la-tancada-1-min.jpg 800w, https:\/\/campingeucaliptus.com\/wp-content\/uploads\/2024\/11\/Laguna-de-la-tancada-1-min-300x206.jpg 300w, https:\/\/campingeucaliptus.com\/wp-content\/uploads\/2024\/11\/Laguna-de-la-tancada-1-min-768x528.jpg 768w\" sizes=\"(max-width: 800px) 100vw, 800px\">\t\t\t\t\t\t\t\t\t\t\t\t\t\t\t<\/div>\n\t\t\t\t<\/div>\n\t\t\t\t<\/div>\n\t\t\t\t<\/div>\n\t\t\t\t\t<\/div>\n\t\t\t\t<\/div>\n\t\t<div class=\"elementor-element elementor-element-4d75622 e-flex e-con-boxed e-con e-parent\" data-id=\"4d75622\" data-element_type=\"container\" data-e-type=\"container\" data-settings=\"{&quot;background_background&quot;:&quot;classic&quot;}\">\n\t\t\t\t\t<div class=\"e-con-inner\">\n\t\t\t\t<div class=\"elementor-element elementor-element-51450c3 elementor-widget elementor-widget-heading\" data-id=\"51450c3\" data-element_type=\"widget\" data-e-type=\"widget\" data-widget_type=\"heading.default\">\n\t\t\t\t<div class=\"elementor-widget-container\">\n\t\t\t\t\t<div class=\"elementor-heading-title elementor-size-default\">Visitez le delta de l\u2019\u00c8bre et d\u00e9couvrez tous ses environs<\/div>\t\t\t\t<\/div>\n\t\t\t\t<\/div>\n\t\t\t\t<div class=\"elementor-element elementor-element-278dae7 elementor-widget elementor-widget-text-editor\" data-id=\"278dae7\" data-element_type=\"widget\" data-e-type=\"widget\" data-widget_type=\"text-editor.default\">\n\t\t\t\t<div class=\"elementor-widget-container\">\n\t\t\t\t\t\t\t\t\t<p>Class\u00e9e R\u00e9serve de Biosph\u00e8re, la faune et la flore du Delta de l\u2019\u00c8bre vous attendent.<\/p>\t\t\t\t\t\t\t\t<\/div>\n\t\t\t\t<\/div>\n\t\t\t\t<div class=\"elementor-element elementor-element-533f6a4 elementor-align-center elementor-mobile-align-center elementor-widget elementor-widget-button\" data-id=\"533f6a4\" data-element_type=\"widget\" data-e-type=\"widget\" data-widget_type=\"button.default\">\n\t\t\t\t<div class=\"elementor-widget-container\">\n\t\t\t\t\t\t\t\t\t<div class=\"elementor-button-wrapper\">\n\t\t\t\t\t<a class=\"elementor-button elementor-button-link elementor-size-sm elementor-animation-bob\" href=\"https:\/\/thelisresa.webcamp.fr\/?camping=eucaliptus\" target=\"_blank\" rel=\"noopener\">\n\t\t\t\t\t\t<span class=\"elementor-button-content-wrapper\">\n\t\t\t\t\t\t<span class=\"elementor-button-icon\">\n\t\t\t\t<svg aria-hidden=\"true\" class=\"e-font-icon-svg e-fas-angle-double-right\" viewBox=\"0 0 448 512\" xmlns=\"http:\/\/www.w3.org\/2000\/svg\"><path d=\"M224.3 273l-136 136c-9.4 9.4-24.6 9.4-33.9 0l-22.6-22.6c-9.4-9.4-9.4-24.6 0-33.9l96.4-96.4-96.4-96.4c-9.4-9.4-9.4-24.6 0-33.9L54.3 103c9.4-9.4 24.6-9.4 33.9 0l136 136c9.5 9.4 9.5 24.6.1 34zm192-34l-136-136c-9.4-9.4-24.6-9.4-33.9 0l-22.6 22.6c-9.4 9.4-9.4 24.6 0 33.9l96.4 96.4-96.4 96.4c-9.4 9.4-9.4 24.6 0 33.9l22.6 22.6c9.4 9.4 24.6 9.4 33.9 0l136-136c9.4-9.2 9.4-24.4 0-33.8z\"><\/path><\/svg>\t\t\t<\/span>\n\t\t\t\t\t\t\t\t\t<span class=\"elementor-button-text\">V\u00e9rifier la disponibilit\u00e9<\/span>\n\t\t\t\t\t<\/span>\n\t\t\t\t\t<\/a>\n\t\t\t\t<\/div>\n\t\t\t\t\t\t\t\t<\/div>\n\t\t\t\t<\/div>\n\t\t\t\t\t<\/div>\n\t\t\t\t<\/div>\n\t\t<div class=\"elementor-element elementor-element-335bec2 e-flex e-con-boxed e-con e-parent\" data-id=\"335bec2\" data-element_type=\"container\" data-e-type=\"container\" data-settings=\"{&quot;background_background&quot;:&quot;classic&quot;}\">\n\t\t\t\t\t<div class=\"e-con-inner\">\n\t\t<div class=\"elementor-element elementor-element-6ed55e2 e-con-full e-flex e-con e-child\" data-id=\"6ed55e2\" data-element_type=\"container\" data-e-type=\"container\">\n\t\t\t\t<div class=\"elementor-element elementor-element-3cde3ac elementor-widget elementor-widget-heading\" data-id=\"3cde3ac\" data-element_type=\"widget\" data-e-type=\"widget\" data-widget_type=\"heading.default\">\n\t\t\t\t<div class=\"elementor-widget-container\">\n\t\t\t\t\t<h2 class=\"elementor-heading-title elementor-size-default\">Comment s\u2019y rendre et plus d\u2019informations<\/h2>\t\t\t\t<\/div>\n\t\t\t\t<\/div>\n\t\t\t\t<div class=\"elementor-element elementor-element-a6ad51e elementor-widget elementor-widget-text-editor\" data-id=\"a6ad51e\" data-element_type=\"widget\" data-e-type=\"widget\" data-widget_type=\"text-editor.default\">\n\t\t\t\t<div class=\"elementor-widget-container\">\n\t\t\t\t\t\t\t\t\t<p>Du Camping Eucaliptus, suivez la route TV-3401 en direction de l\u2019urbanisation Eucaliptus et continuez jusqu\u2019\u00e0 ce que vous atteigniez la d\u00e9viation vers Laguna de la Tancada. Cet itin\u00e9raire est simple et bien balis\u00e9. Le personnel du camping se fera un plaisir de vous fournir des d\u00e9tails suppl\u00e9mentaires sur les itin\u00e9raires, les horaires et les \u00e9ventuelles visites guid\u00e9es, afin que votre exp\u00e9rience dans le delta de l\u2019\u00c8bre soit compl\u00e8te.  <\/p><p>Explorer la lagune de Tancada, c\u2019est s\u2019immerger dans la nature la plus authentique du delta et c\u2019est l\u2019occasion de se rapprocher de la biodiversit\u00e9 qui fait de cette r\u00e9gion une destination si sp\u00e9ciale.<\/p>\t\t\t\t\t\t\t\t<\/div>\n\t\t\t\t<\/div>\n\t\t\t\t<div class=\"elementor-element elementor-element-eb7578e elementor-align-left elementor-mobile-align-center elementor-widget elementor-widget-button\" data-id=\"eb7578e\" data-element_type=\"widget\" data-e-type=\"widget\" data-widget_type=\"button.default\">\n\t\t\t\t<div class=\"elementor-widget-container\">\n\t\t\t\t\t\t\t\t\t<div class=\"elementor-button-wrapper\">\n\t\t\t\t\t<a class=\"elementor-button elementor-button-link elementor-size-sm elementor-animation-bob\" href=\"https:\/\/campingeucaliptus.com\/fr\/contact\/\">\n\t\t\t\t\t\t<span class=\"elementor-button-content-wrapper\">\n\t\t\t\t\t\t<span class=\"elementor-button-icon\">\n\t\t\t\t<svg aria-hidden=\"true\" class=\"e-font-icon-svg e-fas-phone-alt\" viewBox=\"0 0 512 512\" xmlns=\"http:\/\/www.w3.org\/2000\/svg\"><path d=\"M497.39 361.8l-112-48a24 24 0 0 0-28 6.9l-49.6 60.6A370.66 370.66 0 0 1 130.6 204.11l60.6-49.6a23.94 23.94 0 0 0 6.9-28l-48-112A24.16 24.16 0 0 0 122.6.61l-104 24A24 24 0 0 0 0 48c0 256.5 207.9 464 464 464a24 24 0 0 0 23.4-18.6l24-104a24.29 24.29 0 0 0-14.01-27.6z\"><\/path><\/svg>\t\t\t<\/span>\n\t\t\t\t\t\t\t\t\t<span class=\"elementor-button-text\">Pour en savoir plus<\/span>\n\t\t\t\t\t<\/span>\n\t\t\t\t\t<\/a>\n\t\t\t\t<\/div>\n\t\t\t\t\t\t\t\t<\/div>\n\t\t\t\t<\/div>\n\t\t\t\t<\/div>\n\t\t<div class=\"elementor-element elementor-element-f71f957 e-con-full e-flex e-con e-child\" data-id=\"f71f957\" data-element_type=\"container\" data-e-type=\"container\">\n\t\t\t\t<div class=\"elementor-element elementor-element-5afaf28 elementor-widget elementor-widget-shortcode\" data-id=\"5afaf28\" data-element_type=\"widget\" data-e-type=\"widget\" data-widget_type=\"shortcode.default\">\n\t\t\t\t<div class=\"elementor-widget-container\">\n\t\t\t\t\t\t\t<div class=\"elementor-shortcode\"><iframe src=\"https:\/\/www.google.com\/maps\/embed?pb=!1m18!1m12!1m3!1d6053.355148080816!2d0.775593993305579!3d40.65903727960918!2m3!1f0!2f0!3f0!3m2!1i1024!2i768!4f13.1!3m3!1m2!1s0x12a108467a8aa3bd%3A0x3f4da93bd8b3efd8!2sCamping%20Eucaliptus!5e0!3m2!1ses!2ses!4v1730876756203!5m2!1ses!2ses\" width=\"600\" height=\"400\" style=\"border:0;\" allowfullscreen=\"\" loading=\"lazy\" referrerpolicy=\"no-referrer-when-downgrade\"><\/iframe><\/div>\n\t\t\t\t\t\t<\/div>\n\t\t\t\t<\/div>\n\t\t\t\t<\/div>\n\t\t\t\t\t<\/div>\n\t\t\t\t<\/div>\n\t\t\t\t<\/div>\n\t\t","protected":false},"excerpt":{"rendered":"<p>TOURISME DANS LE DELTA DE L\u2019EBRE Observation des oiseaux dans la lagune de Tancada D\u00e9couvrez la magie de la lagune de La Tancada : une destination d\u2019observation des oiseaux pr\u00e8s du camping Eucaliptus \u00c0 seulement 15 minutes en voiture du camping Eucaliptus, la lagune de Tancada est l\u2019un des points cl\u00e9s pour l\u2019observation des oiseaux [&hellip;]<\/p>\n","protected":false},"author":2,"featured_media":0,"parent":1531,"menu_order":0,"comment_status":"closed","ping_status":"closed","template":"elementor_header_footer","meta":{"footnotes":""},"class_list":["post-1640","page","type-page","status-publish","hentry"],"_links":{"self":[{"href":"https:\/\/campingeucaliptus.com\/fr\/wp-json\/wp\/v2\/pages\/1640","targetHints":{"allow":["GET"]}}],"collection":[{"href":"https:\/\/campingeucaliptus.com\/fr\/wp-json\/wp\/v2\/pages"}],"about":[{"href":"https:\/\/campingeucaliptus.com\/fr\/wp-json\/wp\/v2\/types\/page"}],"author":[{"embeddable":true,"href":"https:\/\/campingeucaliptus.com\/fr\/wp-json\/wp\/v2\/users\/2"}],"replies":[{"embeddable":true,"href":"https:\/\/campingeucaliptus.com\/fr\/wp-json\/wp\/v2\/comments?post=1640"}],"version-history":[{"count":5,"href":"https:\/\/campingeucaliptus.com\/fr\/wp-json\/wp\/v2\/pages\/1640\/revisions"}],"predecessor-version":[{"id":2081,"href":"https:\/\/campingeucaliptus.com\/fr\/wp-json\/wp\/v2\/pages\/1640\/revisions\/2081"}],"up":[{"embeddable":true,"href":"https:\/\/campingeucaliptus.com\/fr\/wp-json\/wp\/v2\/pages\/1531"}],"wp:attachment":[{"href":"https:\/\/campingeucaliptus.com\/fr\/wp-json\/wp\/v2\/media?parent=1640"}],"curies":[{"name":"wp","href":"https:\/\/api.w.org\/{rel}","templated":true}]}}