{"id":1637,"date":"2024-11-06T07:23:14","date_gmt":"2024-11-06T06:23:14","guid":{"rendered":"https:\/\/campingeucaliptus.com\/turisme\/rutes-en-bicicleta-entre-arrossars\/"},"modified":"2024-12-18T19:08:00","modified_gmt":"2024-12-18T18:08:00","slug":"rutes-en-bicicleta-entre-arrossars","status":"publish","type":"page","link":"https:\/\/campingeucaliptus.com\/ca\/turisme\/rutes-en-bicicleta-entre-arrossars\/","title":{"rendered":"Rutes en Bicicleta entre Arrossars"},"content":{"rendered":"\t\t<div data-elementor-type=\"wp-page\" data-elementor-id=\"1637\" class=\"elementor elementor-1637 elementor-577\" data-elementor-post-type=\"page\">\n\t\t\t\t<div class=\"elementor-element elementor-element-8f360d8 e-flex e-con-boxed e-con e-parent\" data-id=\"8f360d8\" data-element_type=\"container\" data-e-type=\"container\" data-settings=\"{&quot;background_background&quot;:&quot;classic&quot;,&quot;shape_divider_bottom&quot;:&quot;curve&quot;}\">\n\t\t\t\t\t<div class=\"e-con-inner\">\n\t\t\t\t<div class=\"elementor-shape elementor-shape-bottom\" aria-hidden=\"true\" data-negative=\"false\">\n\t\t\t<svg xmlns=\"http:\/\/www.w3.org\/2000\/svg\" viewBox=\"0 0 1000 100\" preserveAspectRatio=\"none\">\n    <path class=\"elementor-shape-fill\" d=\"M1000,4.3V0H0v4.3C0.9,23.1,126.7,99.2,500,100S1000,22.7,1000,4.3z\"\/>\n<\/svg>\t\t<\/div>\n\t\t<div class=\"elementor-element elementor-element-e2e8c8a e-con-full e-flex e-con e-child\" data-id=\"e2e8c8a\" data-element_type=\"container\" data-e-type=\"container\">\n\t\t\t\t<\/div>\n\t\t<div class=\"elementor-element elementor-element-96030ff e-con-full elementor-hidden-mobile e-flex e-con e-child\" data-id=\"96030ff\" data-element_type=\"container\" data-e-type=\"container\">\n\t\t\t\t<\/div>\n\t\t\t\t\t<\/div>\n\t\t\t\t<\/div>\n\t\t<div class=\"elementor-element elementor-element-3095c5c e-flex e-con-boxed e-con e-parent\" data-id=\"3095c5c\" data-element_type=\"container\" data-e-type=\"container\">\n\t\t\t\t\t<div class=\"e-con-inner\">\n\t\t\t\t<div class=\"elementor-element elementor-element-f911ff7 elementor-widget-divider--view-line_text elementor-hidden-mobile elementor-widget-divider--separator-type-pattern elementor-widget-divider--element-align-center elementor-widget elementor-widget-divider\" data-id=\"f911ff7\" data-element_type=\"widget\" data-e-type=\"widget\" data-widget_type=\"divider.default\">\n\t\t\t\t<div class=\"elementor-widget-container\">\n\t\t\t\t\t\t\t<div class=\"elementor-divider\" style=\"--divider-pattern-url: url(&quot;data:image\/svg+xml,%3Csvg xmlns=&#039;http:\/\/www.w3.org\/2000\/svg&#039; preserveAspectRatio=&#039;none&#039; overflow=&#039;visible&#039; height=&#039;100%&#039; viewBox=&#039;0 0 20 16&#039; fill=&#039;none&#039; stroke=&#039;black&#039; stroke-width=&#039;1&#039; stroke-linecap=&#039;square&#039; stroke-miterlimit=&#039;10&#039;%3E%3Cg transform=&#039;translate(-12.000000, 0)&#039;%3E%3Cpath d=&#039;M28,0L10,18&#039;\/%3E%3Cpath d=&#039;M18,0L0,18&#039;\/%3E%3Cpath d=&#039;M48,0L30,18&#039;\/%3E%3Cpath d=&#039;M38,0L20,18&#039;\/%3E%3C\/g%3E%3C\/svg%3E&quot;);\">\n\t\t\t<span class=\"elementor-divider-separator\">\n\t\t\t\t\t\t\t<span class=\"elementor-divider__text elementor-divider__element\">\n\t\t\t\tTURISME AL DELTA DE L' EBRE\t\t\t\t<\/span>\n\t\t\t\t\t\t<\/span>\n\t\t<\/div>\n\t\t\t\t\t\t<\/div>\n\t\t\t\t<\/div>\n\t\t\t\t<div class=\"elementor-element elementor-element-97d124b elementor-widget elementor-widget-heading\" data-id=\"97d124b\" data-element_type=\"widget\" data-e-type=\"widget\" data-widget_type=\"heading.default\">\n\t\t\t\t<div class=\"elementor-widget-container\">\n\t\t\t\t\t<h1 class=\"elementor-heading-title elementor-size-default\"><b>Rutes en Bicicleta<\/b> entre<b> Arrossars  <\/h1>\t\t\t\t<\/div>\n\t\t\t\t<\/div>\n\t\t\t\t<div class=\"elementor-element elementor-element-64bd381 elementor-widget elementor-widget-heading\" data-id=\"64bd381\" data-element_type=\"widget\" data-e-type=\"widget\" data-widget_type=\"heading.default\">\n\t\t\t\t<div class=\"elementor-widget-container\">\n\t\t\t\t\t<h2 class=\"elementor-heading-title elementor-size-default\">Explora els Arrossars del Delta de l'Ebre en Bicicleta: Natura i Tranquil\u00b7litat<\/h2>\t\t\t\t<\/div>\n\t\t\t\t<\/div>\n\t\t\t\t<div class=\"elementor-element elementor-element-2ce4adb elementor-widget elementor-widget-image\" data-id=\"2ce4adb\" data-element_type=\"widget\" data-e-type=\"widget\" data-widget_type=\"image.default\">\n\t\t\t\t<div class=\"elementor-widget-container\">\n\t\t\t\t\t\t\t\t\t\t\t\t\t\t\t<img fetchpriority=\"high\" decoding=\"async\" width=\"800\" height=\"550\" src=\"https:\/\/campingeucaliptus.com\/wp-content\/uploads\/2024\/11\/Rutas-Bici-Delta-del-Ebro-3-min.jpg\" class=\"attachment-large size-large wp-image-1377\" alt=\"Camping Eucaliptus en el Delta del Ebro\" srcset=\"https:\/\/campingeucaliptus.com\/wp-content\/uploads\/2024\/11\/Rutas-Bici-Delta-del-Ebro-3-min.jpg 800w, https:\/\/campingeucaliptus.com\/wp-content\/uploads\/2024\/11\/Rutas-Bici-Delta-del-Ebro-3-min-300x206.jpg 300w, https:\/\/campingeucaliptus.com\/wp-content\/uploads\/2024\/11\/Rutas-Bici-Delta-del-Ebro-3-min-768x528.jpg 768w\" sizes=\"(max-width: 800px) 100vw, 800px\">\t\t\t\t\t\t\t\t\t\t\t\t\t\t\t<\/div>\n\t\t\t\t<\/div>\n\t\t\t\t<div class=\"elementor-element elementor-element-c0cd5b1 elementor-widget elementor-widget-text-editor\" data-id=\"c0cd5b1\" data-element_type=\"widget\" data-e-type=\"widget\" data-widget_type=\"text-editor.default\">\n\t\t\t\t<div class=\"elementor-widget-container\">\n\t\t\t\t\t\t\t\t\t<p>Des del C\u00e0mping Eucaliptus, una de les experi\u00e8ncies m\u00e9s aut\u00e8ntiques al Delta de l&#8217;Ebre \u00e9s rec\u00f3rrer els seus ic\u00f2nics arrossars amb bicicleta. <strong>A nom\u00e9s uns minuts del c\u00e0mping<\/strong>, pots accedir a rutes planes i segures que serpentegen entre extensos camps d&#8217;arr\u00f2s, ideals per gaudir d&#8217;un passeig tranquil i proper a la natura.<\/p>\n\t\t\t\t\t\t\t\t<\/div>\n\t\t\t\t<\/div>\n\t\t\t\t<div class=\"elementor-element elementor-element-538beb7 elementor-widget-divider--view-line elementor-widget elementor-widget-divider\" data-id=\"538beb7\" data-element_type=\"widget\" data-e-type=\"widget\" data-widget_type=\"divider.default\">\n\t\t\t\t<div class=\"elementor-widget-container\">\n\t\t\t\t\t\t\t<div class=\"elementor-divider\">\n\t\t\t<span class=\"elementor-divider-separator\">\n\t\t\t\t\t\t<\/span>\n\t\t<\/div>\n\t\t\t\t\t\t<\/div>\n\t\t\t\t<\/div>\n\t\t<div class=\"elementor-element elementor-element-427f73a e-con-full e-flex e-con e-child\" data-id=\"427f73a\" data-element_type=\"container\" data-e-type=\"container\">\n\t\t<div class=\"elementor-element elementor-element-0b24d23 e-con-full e-flex e-con e-child\" data-id=\"0b24d23\" data-element_type=\"container\" data-e-type=\"container\">\n\t\t\t\t<div class=\"elementor-element elementor-element-d18ad93 elementor-widget elementor-widget-heading\" data-id=\"d18ad93\" data-element_type=\"widget\" data-e-type=\"widget\" data-widget_type=\"heading.default\">\n\t\t\t\t<div class=\"elementor-widget-container\">\n\t\t\t\t\t<h2 class=\"elementor-heading-title elementor-size-default\">Qu\u00e8 Veure a les Rutes en Bicicleta pels Arrossars<\/h2>\t\t\t\t<\/div>\n\t\t\t\t<\/div>\n\t\t\t\t<div class=\"elementor-element elementor-element-95f7ba9 elementor-widget-divider--separator-type-pattern elementor-widget-divider--view-line elementor-widget elementor-widget-divider\" data-id=\"95f7ba9\" data-element_type=\"widget\" data-e-type=\"widget\" data-widget_type=\"divider.default\">\n\t\t\t\t<div class=\"elementor-widget-container\">\n\t\t\t\t\t\t\t<div class=\"elementor-divider\" style=\"--divider-pattern-url: url(&quot;data:image\/svg+xml,%3Csvg xmlns=&#039;http:\/\/www.w3.org\/2000\/svg&#039; preserveAspectRatio=&#039;none&#039; overflow=&#039;visible&#039; height=&#039;100%&#039; viewBox=&#039;0 0 20 16&#039; fill=&#039;none&#039; stroke=&#039;black&#039; stroke-width=&#039;1&#039; stroke-linecap=&#039;square&#039; stroke-miterlimit=&#039;10&#039;%3E%3Cg transform=&#039;translate(-12.000000, 0)&#039;%3E%3Cpath d=&#039;M28,0L10,18&#039;\/%3E%3Cpath d=&#039;M18,0L0,18&#039;\/%3E%3Cpath d=&#039;M48,0L30,18&#039;\/%3E%3Cpath d=&#039;M38,0L20,18&#039;\/%3E%3C\/g%3E%3C\/svg%3E&quot;);\">\n\t\t\t<span class=\"elementor-divider-separator\">\n\t\t\t\t\t\t<\/span>\n\t\t<\/div>\n\t\t\t\t\t\t<\/div>\n\t\t\t\t<\/div>\n\t\t\t\t<div class=\"elementor-element elementor-element-d63b9b2 elementor-widget elementor-widget-text-editor\" data-id=\"d63b9b2\" data-element_type=\"widget\" data-e-type=\"widget\" data-widget_type=\"text-editor.default\">\n\t\t\t\t<div class=\"elementor-widget-container\">\n\t\t\t\t\t\t\t\t\t<p>En pedalejar per aquests camins, descobrir\u00e0s els paisatges canviants dels arrossars, que transformen els seus tons verds i daurats segons l&#8217;estaci\u00f3. Aquestes rutes et permetran observar aus com goles i flamencs que habiten a la zona, a m\u00e9s de gaudir de l&#8217;horitz\u00f3 obert i la serenitat d&#8217;aquest entorn natural.<\/p>\n\t\t\t\t\t\t\t\t<\/div>\n\t\t\t\t<\/div>\n\t\t\t\t<\/div>\n\t\t<div class=\"elementor-element elementor-element-c797af0 e-con-full e-flex e-con e-child\" data-id=\"c797af0\" data-element_type=\"container\" data-e-type=\"container\">\n\t\t\t\t<div class=\"elementor-element elementor-element-04484e2 elementor-widget elementor-widget-image\" data-id=\"04484e2\" data-element_type=\"widget\" data-e-type=\"widget\" data-widget_type=\"image.default\">\n\t\t\t\t<div class=\"elementor-widget-container\">\n\t\t\t\t\t\t\t\t\t\t\t\t\t\t\t<img decoding=\"async\" width=\"800\" height=\"550\" src=\"https:\/\/campingeucaliptus.com\/wp-content\/uploads\/2024\/11\/Rutas-Bici-Delta-del-Ebro-4-min.jpg\" class=\"attachment-large size-large wp-image-1374\" alt=\"Camping Eucaliptus en el Delta del Ebro\" srcset=\"https:\/\/campingeucaliptus.com\/wp-content\/uploads\/2024\/11\/Rutas-Bici-Delta-del-Ebro-4-min.jpg 800w, https:\/\/campingeucaliptus.com\/wp-content\/uploads\/2024\/11\/Rutas-Bici-Delta-del-Ebro-4-min-300x206.jpg 300w, https:\/\/campingeucaliptus.com\/wp-content\/uploads\/2024\/11\/Rutas-Bici-Delta-del-Ebro-4-min-768x528.jpg 768w\" sizes=\"(max-width: 800px) 100vw, 800px\">\t\t\t\t\t\t\t\t\t\t\t\t\t\t\t<\/div>\n\t\t\t\t<\/div>\n\t\t\t\t<\/div>\n\t\t\t\t<\/div>\n\t\t<div class=\"elementor-element elementor-element-328b27e e-con-full e-flex e-con e-child\" data-id=\"328b27e\" data-element_type=\"container\" data-e-type=\"container\">\n\t\t<div class=\"elementor-element elementor-element-72146a8 e-con-full e-flex e-con e-child\" data-id=\"72146a8\" data-element_type=\"container\" data-e-type=\"container\">\n\t\t\t\t<div class=\"elementor-element elementor-element-f3e8916 elementor-widget elementor-widget-image\" data-id=\"f3e8916\" data-element_type=\"widget\" data-e-type=\"widget\" data-widget_type=\"image.default\">\n\t\t\t\t<div class=\"elementor-widget-container\">\n\t\t\t\t\t\t\t\t\t\t\t\t\t\t\t<img decoding=\"async\" width=\"800\" height=\"550\" src=\"https:\/\/campingeucaliptus.com\/wp-content\/uploads\/2024\/11\/Rutas-Bici-Delta-del-Ebro-1-min.jpg\" class=\"attachment-large size-large wp-image-1383\" alt=\"Camping Eucaliptus en el Delta del Ebro\" srcset=\"https:\/\/campingeucaliptus.com\/wp-content\/uploads\/2024\/11\/Rutas-Bici-Delta-del-Ebro-1-min.jpg 800w, https:\/\/campingeucaliptus.com\/wp-content\/uploads\/2024\/11\/Rutas-Bici-Delta-del-Ebro-1-min-300x206.jpg 300w, https:\/\/campingeucaliptus.com\/wp-content\/uploads\/2024\/11\/Rutas-Bici-Delta-del-Ebro-1-min-768x528.jpg 768w\" sizes=\"(max-width: 800px) 100vw, 800px\">\t\t\t\t\t\t\t\t\t\t\t\t\t\t\t<\/div>\n\t\t\t\t<\/div>\n\t\t\t\t<\/div>\n\t\t<div class=\"elementor-element elementor-element-8429860 e-con-full e-flex e-con e-child\" data-id=\"8429860\" data-element_type=\"container\" data-e-type=\"container\">\n\t\t\t\t<div class=\"elementor-element elementor-element-666a762 elementor-widget elementor-widget-heading\" data-id=\"666a762\" data-element_type=\"widget\" data-e-type=\"widget\" data-widget_type=\"heading.default\">\n\t\t\t\t<div class=\"elementor-widget-container\">\n\t\t\t\t\t<h2 class=\"elementor-heading-title elementor-size-default\">Recomanacions per a una Experi\u00e8ncia Plena<\/h2>\t\t\t\t<\/div>\n\t\t\t\t<\/div>\n\t\t\t\t<div class=\"elementor-element elementor-element-c81f6c5 elementor-widget-divider--separator-type-pattern elementor-widget-divider--view-line elementor-widget elementor-widget-divider\" data-id=\"c81f6c5\" data-element_type=\"widget\" data-e-type=\"widget\" data-widget_type=\"divider.default\">\n\t\t\t\t<div class=\"elementor-widget-container\">\n\t\t\t\t\t\t\t<div class=\"elementor-divider\" style=\"--divider-pattern-url: url(&quot;data:image\/svg+xml,%3Csvg xmlns=&#039;http:\/\/www.w3.org\/2000\/svg&#039; preserveAspectRatio=&#039;none&#039; overflow=&#039;visible&#039; height=&#039;100%&#039; viewBox=&#039;0 0 20 16&#039; fill=&#039;none&#039; stroke=&#039;black&#039; stroke-width=&#039;1&#039; stroke-linecap=&#039;square&#039; stroke-miterlimit=&#039;10&#039;%3E%3Cg transform=&#039;translate(-12.000000, 0)&#039;%3E%3Cpath d=&#039;M28,0L10,18&#039;\/%3E%3Cpath d=&#039;M18,0L0,18&#039;\/%3E%3Cpath d=&#039;M48,0L30,18&#039;\/%3E%3Cpath d=&#039;M38,0L20,18&#039;\/%3E%3C\/g%3E%3C\/svg%3E&quot;);\">\n\t\t\t<span class=\"elementor-divider-separator\">\n\t\t\t\t\t\t<\/span>\n\t\t<\/div>\n\t\t\t\t\t\t<\/div>\n\t\t\t\t<\/div>\n\t\t\t\t<div class=\"elementor-element elementor-element-d89088e elementor-widget elementor-widget-text-editor\" data-id=\"d89088e\" data-element_type=\"widget\" data-e-type=\"widget\" data-widget_type=\"text-editor.default\">\n\t\t\t\t<div class=\"elementor-widget-container\">\n\t\t\t\t\t\t\t\t\t<p>Per treure el m\u00e0xim partit a aquesta experi\u00e8ncia, es recomana portar aigua, protecci\u00f3 solar i una c\u00e0mera per capturar la bellesa dels paisatges. Moltes de les rutes s\u00f3n circulars i f\u00e0cils de rec\u00f3rrer en una o dues hores, per la qual cosa es poden fer sense pressa, gaudint de cada parada.<\/p>\n\t\t\t\t\t\t\t\t<\/div>\n\t\t\t\t<\/div>\n\t\t\t\t<\/div>\n\t\t\t\t<\/div>\n\t\t<div class=\"elementor-element elementor-element-854ce72 e-con-full e-flex e-con e-child\" data-id=\"854ce72\" data-element_type=\"container\" data-e-type=\"container\">\n\t\t<div class=\"elementor-element elementor-element-b4eed1d e-con-full e-flex e-con e-child\" data-id=\"b4eed1d\" data-element_type=\"container\" data-e-type=\"container\">\n\t\t\t\t<div class=\"elementor-element elementor-element-0bad2e7 elementor-widget elementor-widget-heading\" data-id=\"0bad2e7\" data-element_type=\"widget\" data-e-type=\"widget\" data-widget_type=\"heading.default\">\n\t\t\t\t<div class=\"elementor-widget-container\">\n\t\t\t\t\t<h2 class=\"elementor-heading-title elementor-size-default\">Amb qui Anar i Quan \u00e9s Millor Fer-ho<\/h2>\t\t\t\t<\/div>\n\t\t\t\t<\/div>\n\t\t\t\t<div class=\"elementor-element elementor-element-a7ea143 elementor-widget-divider--separator-type-pattern elementor-widget-divider--view-line elementor-widget elementor-widget-divider\" data-id=\"a7ea143\" data-element_type=\"widget\" data-e-type=\"widget\" data-widget_type=\"divider.default\">\n\t\t\t\t<div class=\"elementor-widget-container\">\n\t\t\t\t\t\t\t<div class=\"elementor-divider\" style=\"--divider-pattern-url: url(&quot;data:image\/svg+xml,%3Csvg xmlns=&#039;http:\/\/www.w3.org\/2000\/svg&#039; preserveAspectRatio=&#039;none&#039; overflow=&#039;visible&#039; height=&#039;100%&#039; viewBox=&#039;0 0 20 16&#039; fill=&#039;none&#039; stroke=&#039;black&#039; stroke-width=&#039;1&#039; stroke-linecap=&#039;square&#039; stroke-miterlimit=&#039;10&#039;%3E%3Cg transform=&#039;translate(-12.000000, 0)&#039;%3E%3Cpath d=&#039;M28,0L10,18&#039;\/%3E%3Cpath d=&#039;M18,0L0,18&#039;\/%3E%3Cpath d=&#039;M48,0L30,18&#039;\/%3E%3Cpath d=&#039;M38,0L20,18&#039;\/%3E%3C\/g%3E%3C\/svg%3E&quot;);\">\n\t\t\t<span class=\"elementor-divider-separator\">\n\t\t\t\t\t\t<\/span>\n\t\t<\/div>\n\t\t\t\t\t\t<\/div>\n\t\t\t\t<\/div>\n\t\t\t\t<div class=\"elementor-element elementor-element-0a0a894 elementor-widget elementor-widget-text-editor\" data-id=\"0a0a894\" data-element_type=\"widget\" data-e-type=\"widget\" data-widget_type=\"text-editor.default\">\n\t\t\t\t<div class=\"elementor-widget-container\">\n\t\t\t\t\t\t\t\t\t<p>Aquestes rutes s\u00f3n perfectes per a fam\u00edlies, parelles i grups d&#8217;amics que busquen una activitat a l&#8217;aire lliure sense complicacions. La millor \u00e8poca per fer aquests recorreguts \u00e9s entre primavera i tardor, quan el clima \u00e9s agradable i els camps d&#8217;arr\u00f2s mostren el seu millor colorit.<\/p>\n\t\t\t\t\t\t\t\t<\/div>\n\t\t\t\t<\/div>\n\t\t\t\t<\/div>\n\t\t<div class=\"elementor-element elementor-element-904a858 e-con-full e-flex e-con e-child\" data-id=\"904a858\" data-element_type=\"container\" data-e-type=\"container\">\n\t\t\t\t<div class=\"elementor-element elementor-element-287fc52 elementor-widget elementor-widget-image\" data-id=\"287fc52\" data-element_type=\"widget\" data-e-type=\"widget\" data-widget_type=\"image.default\">\n\t\t\t\t<div class=\"elementor-widget-container\">\n\t\t\t\t\t\t\t\t\t\t\t\t\t\t\t<img loading=\"lazy\" decoding=\"async\" width=\"800\" height=\"550\" src=\"https:\/\/campingeucaliptus.com\/wp-content\/uploads\/2024\/11\/Rutas-Bici-Delta-del-Ebro-2-min.jpg\" class=\"attachment-large size-large wp-image-1380\" alt=\"Camping Eucaliptus en el Delta del Ebro\" srcset=\"https:\/\/campingeucaliptus.com\/wp-content\/uploads\/2024\/11\/Rutas-Bici-Delta-del-Ebro-2-min.jpg 800w, https:\/\/campingeucaliptus.com\/wp-content\/uploads\/2024\/11\/Rutas-Bici-Delta-del-Ebro-2-min-300x206.jpg 300w, https:\/\/campingeucaliptus.com\/wp-content\/uploads\/2024\/11\/Rutas-Bici-Delta-del-Ebro-2-min-768x528.jpg 768w\" sizes=\"(max-width: 800px) 100vw, 800px\">\t\t\t\t\t\t\t\t\t\t\t\t\t\t\t<\/div>\n\t\t\t\t<\/div>\n\t\t\t\t<\/div>\n\t\t\t\t<\/div>\n\t\t\t\t\t<\/div>\n\t\t\t\t<\/div>\n\t\t<div class=\"elementor-element elementor-element-5339b9d e-flex e-con-boxed e-con e-parent\" data-id=\"5339b9d\" data-element_type=\"container\" data-e-type=\"container\" data-settings=\"{&quot;background_background&quot;:&quot;classic&quot;}\">\n\t\t\t\t\t<div class=\"e-con-inner\">\n\t\t\t\t<div class=\"elementor-element elementor-element-21bcafc elementor-widget elementor-widget-heading\" data-id=\"21bcafc\" data-element_type=\"widget\" data-e-type=\"widget\" data-widget_type=\"heading.default\">\n\t\t\t\t<div class=\"elementor-widget-container\">\n\t\t\t\t\t<div class=\"elementor-heading-title elementor-size-default\">Visita el Delta de l'Ebre i descobreix tots els seus voltants<\/div>\t\t\t\t<\/div>\n\t\t\t\t<\/div>\n\t\t\t\t<div class=\"elementor-element elementor-element-b49f3b8 elementor-widget elementor-widget-text-editor\" data-id=\"b49f3b8\" data-element_type=\"widget\" data-e-type=\"widget\" data-widget_type=\"text-editor.default\">\n\t\t\t\t<div class=\"elementor-widget-container\">\n\t\t\t\t\t\t\t\t\t<p>Catalogat com a Reserva de la Biosfera, la fauna i flora del Delta de l&#8217;Ebre t&#8217;espera.<\/p>\n\t\t\t\t\t\t\t\t<\/div>\n\t\t\t\t<\/div>\n\t\t\t\t<div class=\"elementor-element elementor-element-66971de elementor-align-center elementor-mobile-align-center elementor-widget elementor-widget-button\" data-id=\"66971de\" data-element_type=\"widget\" data-e-type=\"widget\" data-widget_type=\"button.default\">\n\t\t\t\t<div class=\"elementor-widget-container\">\n\t\t\t\t\t\t\t\t\t<div class=\"elementor-button-wrapper\">\n\t\t\t\t\t<a class=\"elementor-button elementor-button-link elementor-size-sm elementor-animation-bob\" href=\"https:\/\/thelisresa.webcamp.fr\/?camping=eucaliptus\" target=\"_blank\" rel=\"noopener\">\n\t\t\t\t\t\t<span class=\"elementor-button-content-wrapper\">\n\t\t\t\t\t\t<span class=\"elementor-button-icon\">\n\t\t\t\t<svg aria-hidden=\"true\" class=\"e-font-icon-svg e-fas-angle-double-right\" viewBox=\"0 0 448 512\" xmlns=\"http:\/\/www.w3.org\/2000\/svg\"><path d=\"M224.3 273l-136 136c-9.4 9.4-24.6 9.4-33.9 0l-22.6-22.6c-9.4-9.4-9.4-24.6 0-33.9l96.4-96.4-96.4-96.4c-9.4-9.4-9.4-24.6 0-33.9L54.3 103c9.4-9.4 24.6-9.4 33.9 0l136 136c9.5 9.4 9.5 24.6.1 34zm192-34l-136-136c-9.4-9.4-24.6-9.4-33.9 0l-22.6 22.6c-9.4 9.4-9.4 24.6 0 33.9l96.4 96.4-96.4 96.4c-9.4 9.4-9.4 24.6 0 33.9l22.6 22.6c9.4 9.4 24.6 9.4 33.9 0l136-136c9.4-9.2 9.4-24.4 0-33.8z\"><\/path><\/svg>\t\t\t<\/span>\n\t\t\t\t\t\t\t\t\t<span class=\"elementor-button-text\">Veure Disponibilitat<\/span>\n\t\t\t\t\t<\/span>\n\t\t\t\t\t<\/a>\n\t\t\t\t<\/div>\n\t\t\t\t\t\t\t\t<\/div>\n\t\t\t\t<\/div>\n\t\t\t\t\t<\/div>\n\t\t\t\t<\/div>\n\t\t<div class=\"elementor-element elementor-element-1955336 e-flex e-con-boxed e-con e-parent\" data-id=\"1955336\" data-element_type=\"container\" data-e-type=\"container\" data-settings=\"{&quot;background_background&quot;:&quot;classic&quot;}\">\n\t\t\t\t\t<div class=\"e-con-inner\">\n\t\t<div class=\"elementor-element elementor-element-091d146 e-con-full e-flex e-con e-child\" data-id=\"091d146\" data-element_type=\"container\" data-e-type=\"container\">\n\t\t\t\t<div class=\"elementor-element elementor-element-7026fec elementor-widget elementor-widget-heading\" data-id=\"7026fec\" data-element_type=\"widget\" data-e-type=\"widget\" data-widget_type=\"heading.default\">\n\t\t\t\t<div class=\"elementor-widget-container\">\n\t\t\t\t\t<h2 class=\"elementor-heading-title elementor-size-default\">Com Arribar i Comen\u00e7ar la teva Ruta en Bicicleta<\/h2>\t\t\t\t<\/div>\n\t\t\t\t<\/div>\n\t\t\t\t<div class=\"elementor-element elementor-element-58970a4 elementor-widget elementor-widget-text-editor\" data-id=\"58970a4\" data-element_type=\"widget\" data-e-type=\"widget\" data-widget_type=\"text-editor.default\">\n\t\t\t\t<div class=\"elementor-widget-container\">\n\t\t\t\t\t\t\t\t\t<p>El C\u00e0mping Eucaliptus ofereix lloguer de bicicletes i et proporcionar\u00e0 mapes i consells sobre les rutes properes als arrossars. Des del c\u00e0mping, segueix els camins senyalitzats cap als camps d&#8217;arr\u00f2s, on trobar\u00e0s rutes planes i ben mantingudes per a un passeig segur i plaent.<\/p>\n<p>Descobrir el Delta amb bicicleta \u00e9s una manera relaxada i accessible de connectar amb l&#8217; entorn natural, especialment amb els paisatges \u00fanics dels arrossars, que fan del Delta de l&#8217; Ebre un dest\u00ed tan especial i aut\u00e8ntic.<\/p>\n\t\t\t\t\t\t\t\t<\/div>\n\t\t\t\t<\/div>\n\t\t\t\t<div class=\"elementor-element elementor-element-8139ff5 elementor-align-left elementor-mobile-align-center elementor-widget elementor-widget-button\" data-id=\"8139ff5\" data-element_type=\"widget\" data-e-type=\"widget\" data-widget_type=\"button.default\">\n\t\t\t\t<div class=\"elementor-widget-container\">\n\t\t\t\t\t\t\t\t\t<div class=\"elementor-button-wrapper\">\n\t\t\t\t\t<a class=\"elementor-button elementor-button-link elementor-size-sm elementor-animation-bob\" href=\"https:\/\/campingeucaliptus.com\/ca\/?page_id=1561\">\n\t\t\t\t\t\t<span class=\"elementor-button-content-wrapper\">\n\t\t\t\t\t\t<span class=\"elementor-button-icon\">\n\t\t\t\t<svg aria-hidden=\"true\" class=\"e-font-icon-svg e-fas-phone-alt\" viewBox=\"0 0 512 512\" xmlns=\"http:\/\/www.w3.org\/2000\/svg\"><path d=\"M497.39 361.8l-112-48a24 24 0 0 0-28 6.9l-49.6 60.6A370.66 370.66 0 0 1 130.6 204.11l60.6-49.6a23.94 23.94 0 0 0 6.9-28l-48-112A24.16 24.16 0 0 0 122.6.61l-104 24A24 24 0 0 0 0 48c0 256.5 207.9 464 464 464a24 24 0 0 0 23.4-18.6l24-104a24.29 24.29 0 0 0-14.01-27.6z\"><\/path><\/svg>\t\t\t<\/span>\n\t\t\t\t\t\t\t\t\t<span class=\"elementor-button-text\">M\u00e9s Informaci\u00f3<\/span>\n\t\t\t\t\t<\/span>\n\t\t\t\t\t<\/a>\n\t\t\t\t<\/div>\n\t\t\t\t\t\t\t\t<\/div>\n\t\t\t\t<\/div>\n\t\t\t\t<\/div>\n\t\t<div class=\"elementor-element elementor-element-c92b9c2 e-con-full e-flex e-con e-child\" data-id=\"c92b9c2\" data-element_type=\"container\" data-e-type=\"container\">\n\t\t\t\t<div class=\"elementor-element elementor-element-2cd5fcc elementor-widget elementor-widget-shortcode\" data-id=\"2cd5fcc\" data-element_type=\"widget\" data-e-type=\"widget\" data-widget_type=\"shortcode.default\">\n\t\t\t\t<div class=\"elementor-widget-container\">\n\t\t\t\t\t\t\t<div class=\"elementor-shortcode\"><iframe src=\"https:\/\/www.google.com\/maps\/embed?pb=!1m18!1m12!1m3!1d6053.355148080816!2d0.775593993305579!3d40.65903727960918!2m3!1f0!2f0!3f0!3m2!1i1024!2i768!4f13.1!3m3!1m2!1s0x12a108467a8aa3bd%3A0x3f4da93bd8b3efd8!2sCamping%20Eucaliptus!5e0!3m2!1ses!2ses!4v1730876756203!5m2!1ses!2ses\" width=\"600\" height=\"400\" style=\"border:0;\" allowfullscreen=\"\" loading=\"lazy\" referrerpolicy=\"no-referrer-when-downgrade\"><\/iframe><\/div>\n\t\t\t\t\t\t<\/div>\n\t\t\t\t<\/div>\n\t\t\t\t<\/div>\n\t\t\t\t\t<\/div>\n\t\t\t\t<\/div>\n\t\t\t\t<\/div>\n\t\t","protected":false},"excerpt":{"rendered":"<p>TURISME AL DELTA DE L&#8217; EBRE Rutes en Bicicleta entre Arrossars Explora els Arrossars del Delta de l&#8217;Ebre en Bicicleta: Natura i Tranquil\u00b7litat Des del C\u00e0mping Eucaliptus, una de les experi\u00e8ncies m\u00e9s aut\u00e8ntiques al Delta de l&#8217;Ebre \u00e9s rec\u00f3rrer els seus ic\u00f2nics arrossars amb bicicleta. A nom\u00e9s uns minuts del c\u00e0mping, pots accedir a rutes [&hellip;]<\/p>\n","protected":false},"author":2,"featured_media":0,"parent":1547,"menu_order":0,"comment_status":"closed","ping_status":"closed","template":"elementor_header_footer","meta":{"footnotes":""},"class_list":["post-1637","page","type-page","status-publish","hentry"],"_links":{"self":[{"href":"https:\/\/campingeucaliptus.com\/ca\/wp-json\/wp\/v2\/pages\/1637","targetHints":{"allow":["GET"]}}],"collection":[{"href":"https:\/\/campingeucaliptus.com\/ca\/wp-json\/wp\/v2\/pages"}],"about":[{"href":"https:\/\/campingeucaliptus.com\/ca\/wp-json\/wp\/v2\/types\/page"}],"author":[{"embeddable":true,"href":"https:\/\/campingeucaliptus.com\/ca\/wp-json\/wp\/v2\/users\/2"}],"replies":[{"embeddable":true,"href":"https:\/\/campingeucaliptus.com\/ca\/wp-json\/wp\/v2\/comments?post=1637"}],"version-history":[{"count":2,"href":"https:\/\/campingeucaliptus.com\/ca\/wp-json\/wp\/v2\/pages\/1637\/revisions"}],"predecessor-version":[{"id":1641,"href":"https:\/\/campingeucaliptus.com\/ca\/wp-json\/wp\/v2\/pages\/1637\/revisions\/1641"}],"up":[{"embeddable":true,"href":"https:\/\/campingeucaliptus.com\/ca\/wp-json\/wp\/v2\/pages\/1547"}],"wp:attachment":[{"href":"https:\/\/campingeucaliptus.com\/ca\/wp-json\/wp\/v2\/media?parent=1637"}],"curies":[{"name":"wp","href":"https:\/\/api.w.org\/{rel}","templated":true}]}}